{"id":1203,"date":"2025-05-11T10:39:11","date_gmt":"2025-05-11T10:39:11","guid":{"rendered":"http:\/\/212.95.33.166\/about\/"},"modified":"2025-05-17T16:20:48","modified_gmt":"2025-05-17T16:20:48","slug":"uber","status":"publish","type":"page","link":"https:\/\/alanali.com\/de\/about\/","title":{"rendered":"Meine Reise"},"content":{"rendered":"<div class=\"wp-block-uagb-container uagb-block-6fbca592 alignfull uagb-is-root-container\"><div class=\"uagb-container-inner-blocks-wrap\">\n<div class=\"wp-block-uagb-advanced-heading uagb-block-ceaf28e8\"><h2 class=\"uagb-heading-text\">Meine Reise<\/h2><div class=\"uagb-separator\"><\/div><\/div>\n<\/div><\/div>\n\n\n\n<div class=\"wp-block-uagb-container uagb-block-5fe1efa9 alignfull uagb-is-root-container\"><div class=\"uagb-container-inner-blocks-wrap\">\n<div class=\"wp-block-uagb-container uagb-block-16c5453a\">\n<div class=\"wp-block-uagb-image alignleft uagb-block-49c8c1d8 wp-block-uagb-image--layout-default wp-block-uagb-image--effect-static wp-block-uagb-image--align-left\"><figure class=\"wp-block-uagb-image__figure\"><img decoding=\"async\" srcset=\"https:\/\/alanali.com\/wp-content\/uploads\/2025\/05\/Alan-Ali-Photo-Smile-658x1024.jpg ,https:\/\/alanali.com\/wp-content\/uploads\/2025\/05\/Alan-Ali-Photo-Smile-scaled.jpg 780w, https:\/\/alanali.com\/wp-content\/uploads\/2025\/05\/Alan-Ali-Photo-Smile-scaled.jpg 360w\" sizes=\"auto, (max-width: 480px) 150px\" src=\"https:\/\/alanali.com\/wp-content\/uploads\/2025\/05\/Alan-Ali-Photo-Smile-658x1024.jpg\" alt=\"\" class=\"uag-image-2608\" width=\"330\" height=\"480\" title=\"Alan Ali Foto L\u00e4cheln\" loading=\"lazy\" role=\"img\"\/><\/figure><\/div>\n<\/div>\n\n\n\n<div class=\"wp-block-uagb-container uagb-block-8a18a153\">\n<div class=\"wp-block-uagb-info-box uagb-block-fafa4063 uagb-infobox__content-wrap  uagb-infobox-icon-above-title uagb-infobox-image-valign-top\"><div class=\"uagb-ifb-content\"><div class=\"uagb-ifb-title-wrap\"><h5 class=\"uagb-ifb-title\">\"Wir beginnen in einer Welt, die wir uns nicht ausgesucht haben - aber die Reise des Lebens besteht darin, \u00fcber unsere Vergangenheit hinauszuwachsen und zu dem zu erwachen, was wir werden k\u00f6nnen.\"<\/h5><\/div><div class=\"uagb-ifb-separator\"><\/div><p class=\"uagb-ifb-desc\">Ich wurde in Sulaymaniyah w\u00e4hrend eines heftigen Schneesturms geboren, der die Stra\u00dfen blockierte - als j\u00fcngstes von neun Geschwistern in einer Familie, in der Neugierde unsere Muttersprache war. Von meinen fr\u00fchesten Erinnerungen an war ich umgeben von philosophischen Debatten, wissenschaftlichem Staunen und der starken Anziehungskraft von Geschichten - sowohl gesprochenen als auch gelebten. Meine Reise begann in der Not, aber sie war gepr\u00e4gt von unerm\u00fcdlichen Entdeckungen.<br><strong>Ein Kind der Neugierde<br><\/strong>Als kleiner Junge war ich mehr daran interessiert zu verstehen, wie die Welt funktioniert, als Lehrb\u00fccher auswendig zu lernen. In der 9. Klasse habe ich einmal versucht, einen eigenen Satz in Geometrie zu formulieren - und mein Lehrer glaubte, ich h\u00e4tte es geschafft. Meine Noten spiegelten nie meinen Intellekt wider, aber meine Fantasie h\u00f6rte nie auf. Als Teenager reparierte ich Ger\u00e4te und beherrschte das Schwei\u00dfen, K\u00fchlsysteme und sogar die Konstruktion japanischer Motoren. Ich brachte mir selbst bei, Fernseher zu reparieren, Radios neu zu verkabeln und mit BASIC auf einem Aquarius-Computer zu programmieren.<br><strong>Ein von Wendepunkten gepr\u00e4gtes Leben<br><\/strong>Der Kurdenaufstand von 1991 und die Flucht unserer Familie an die iranische Grenze lehrten mich den Wert des Wissens. Nach unserer R\u00fcckkehr widmete ich mich der Bildung - nicht nur, um zu lernen, sondern um mich weiterzubilden. Ich studierte Maschinenbau, brachte mir aber heimlich in einem Labor einer anderen Hochschule das Rechnen bei. Diese Neugierde wurde zu einer Berufung.<br><strong>Ein Pionier in Technologie und Medien<br><\/strong>Ende 1997 kam ich zu Khak TV, ohne Titel, nur mit der \u00dcberzeugung, dass die Medien intelligenter und menschlicher sein k\u00f6nnten. Unter der Leitung von Hero Ibrahim Ahmed f\u00fchrte ich die erste digitale Farbtrennung in der Region mit CorelDRAW ein. Ich baute eines der ersten irakischen LAN-Netzwerke auf und f\u00fchrte ein Videotext- und Untertitelprogramm ein, das es den Menschen erm\u00f6glichte, Nachrichten auf Sendung zu senden - m\u00f6glicherweise eine der ersten Formen textbasierter sozialer Medien \u00fcber den Massenrundfunk. Die Zuschauer konsumierten die Medien nicht nur, sondern beteiligten sich an ihnen.<br>Sp\u00e4ter wurde Kurdsat TV in einem der R\u00e4ume von Khak TV gegr\u00fcndet, und ich entwarf das inzwischen ikonische Narzissen-Logo und die allererste Animation der Testsendung. Ich schulte die Mitarbeiter, digitalisierte die Produktion und f\u00fchrte neue Formate ein, wie z. B. Namen unter Nachrichtensprechern und das Lesen von Nachrichten ohne Zeitung. Die Auswirkungen haben die Entwicklung der Medien in Kurdistan gepr\u00e4gt.<br><\/p><\/div><\/div>\n\n\n\n<div class=\"wp-block-uagb-advanced-heading uagb-block-7df0c697\"><h6 class=\"uagb-heading-text\">info@alanali.com<\/h6><\/div>\n<\/div>\n\n\n\n<div class=\"wp-block-uagb-container uagb-block-797dc144\">\n<p><strong>Telekommunikation von Grund auf neu aufbauen<br><\/strong>Bei Asiacell habe ich geholfen, das erste GSM-Netz im Irak aufzubauen. Ich habe die erste Internetverbindung in Sulaymaniyah konfiguriert. Wir er\u00f6ffneten das erste Internetcaf\u00e9 im Irak und druckten die ersten Prepaid-Internetkarten. Den ersten Kontakt zu Huawei kn\u00fcpfte ich 2003, als ich Asiacell dabei half, von 5.000 auf 70.000 Anschl\u00fcsse zu skalieren - ein k\u00fchner Sprung, der den Grundstein f\u00fcr eine moderne Telekommunikationsinfrastruktur legte.<br><strong>Unternehmer, P\u00e4dagoge, Architekt des Wandels<br><\/strong>Sp\u00e4ter gr\u00fcndete ich Dar Al Iraqiun und f\u00fchrte das erste elektronische Gutscheinverteilungssystem des Irak ein. Ich gr\u00fcndete den ersten Toastmasters-Club f\u00fcr \u00f6ffentliche Reden im Land. Ich baute Ava Media auf, eine transformative Kreativagentur, die in den Bereichen VAS, Inhaltsproduktion und Innovation f\u00fchrend war.<br><strong>Eine spirituelle Verschiebung<br><\/strong>Das umw\u00e4lzendste Kapitel meines Lebens begann mit einer Reise nach Indien, wo ich meinen spirituellen Meister, Guru Ji, traf. Bei ihm fand ich, wonach ich die ganze Zeit gesucht hatte - Wahrheit, innere Klarheit und den Mut, mein Leben auf den Dienst auszurichten. Meine Panikattacken verschwanden. Mein Herz \u00f6ffnete sich. Ich begann, die Welt - und mich selbst - anders zu sehen.<br>Jetzt lebe ich, um Ver\u00e4nderungen anzusto\u00dfen - durch F\u00fchrung, Mentoring, Bildung und die stille Kraft des gelebten Beispiels. Dies ist nicht das Ende meiner Geschichte. Es ist nur die Mitte.<\/p>\n\n\n\n<div class=\"wp-block-uagb-info-box uagb-block-4681c401 uagb-infobox__content-wrap  uagb-infobox-icon-above-title uagb-infobox-image-valign-top\"><div class=\"uagb-ifb-content\"><div class=\"uagb-ifb-title-wrap\"><h5 class=\"uagb-ifb-title\"><br>Highlights von meiner Reise<\/h5><\/div><div class=\"uagb-ifb-separator\"><\/div><p class=\"uagb-ifb-desc\">\ud83c\udf10 Anschluss der ersten Internetverbindung in Sulaymaniyah (1998)<br>Aufbau des ersten Internetcaf\u00e9s im Irak und Einf\u00fchrung von Prepaid-Internetkarten<br>Erstellung des ersten irakischen Programms zur Zuschauerinteraktion im Teletextstil (Khak TV)<br>\ud83d\udda5 Digitaler Druck f\u00fcr das Khak Magazine mit CorelDRAW - eine nationale Premiere<br>\ud83e\uddd1\u200d\ud83c\udfeb Gr\u00fcndung des ersten irakischen Toastmasters-Clubs f\u00fcr \u00f6ffentliche Reden<br>Unterst\u00fctzung bei der Einrichtung des ersten GSM-Netzes im Irak (Asiacell)<br>\ud83c\udfa8 Er entwarf das Logo von Kurdsat TV, das heute ein ikonisches Mediensymbol ist.<br>\ud83c\udf93 Abschluss des ersten MBA-Jahrgangs an der AUIS<br>Er wurde Absolvent der Harvard Business School (PLD9, AMP)<br>\ud83e\udd1d Gr\u00fcndung von Dar Al Iraqiun, Einf\u00fchrung des ersten EVD-Systems im Irak<br>\ud83d\udce2 Gr\u00fcndung von SPARK, einer Jugendinitiative, die alte Weisheiten mit moderner Bildung verbindet<br>\ud83d\udcda Betreuung von Dutzenden von Entscheidungstr\u00e4gern und Leitung von Seminaren im Irak und dar\u00fcber hinaus<\/p><\/div><\/div>\n\n\n\n<div class=\"wp-block-uagb-social-share uagb-social-share__outer-wrap uagb-social-share__layout-horizontal uagb-block-71947d21\">\n<div class=\"wp-block-uagb-social-share-child uagb-ss-repeater uagb-ss__wrapper uagb-block-a30b3f39\"><span class=\"uagb-ss__link\" data-href=\"https:\/\/www.linkedin.com\/shareArticle?url=\" tabindex=\"0\" role=\"button\" aria-label=\"linkedin\"><span class=\"uagb-ss__source-wrap\"><span class=\"uagb-ss__source-icon\"><svg xmlns=\"https:\/\/www.w3.org\/2000\/svg\" viewbox=\"0 0 448 512\"><path d=\"M416 32H31.9C14.3 32 0 46.5 0 64.3v383.4C0 465.5 14.3 480 31.9 480H416c17.6 0 32-14.5 32-32.3V64.3c0-17.8-14.4-32.3-32-32.3zM135.4 416H69V202.2h66.5V416zm-33.2-243c-21.3 0-38.5-17.3-38.5-38.5S80.9 96 102.2 96c21.2 0 38.5 17.3 38.5 38.5 0 21.3-17.2 38.5-38.5 38.5zm282.1 243h-66.4V312c0-24.8-.5-56.7-34.5-56.7-34.6 0-39.9 27-39.9 54.9V416h-66.4V202.2h63.7v29.2h.9c8.9-16.8 30.6-34.5 62.9-34.5 67.2 0 79.7 44.3 79.7 101.9V416z\"><\/path><\/svg><\/span><\/span><\/span><\/div>\n\n\n\n<div class=\"wp-block-uagb-social-share-child uagb-ss-repeater uagb-ss__wrapper uagb-block-a334dda5\"><span class=\"uagb-ss__link\" data-href=\"https:\/\/www.facebook.com\/sharer.php?u=\" tabindex=\"0\" role=\"button\" aria-label=\"facebook\"><span class=\"uagb-ss__source-wrap\"><span class=\"uagb-ss__source-icon\"><svg xmlns=\"https:\/\/www.w3.org\/2000\/svg\" viewbox=\"0 0 512 512\"><path d=\"M504 256C504 119 393 8 256 8S8 119 8 256c0 123.8 90.69 226.4 209.3 245V327.7h-63V256h63v-54.64c0-62.15 37-96.48 93.67-96.48 27.14 0 55.52 4.84 55.52 4.84v61h-31.28c-30.8 0-40.41 19.12-40.41 38.73V256h68.78l-11 71.69h-57.78V501C413.3 482.4 504 379.8 504 256z\"><\/path><\/svg><\/span><\/span><\/span><\/div>\n\n\n\n<div class=\"wp-block-uagb-social-share-child uagb-ss-repeater uagb-ss__wrapper uagb-block-b4fb9c07\"><span class=\"uagb-ss__link\" data-href=\"https:\/\/twitter.com\/share?url=\" tabindex=\"0\" role=\"button\" aria-label=\"twitter\"><span class=\"uagb-ss__source-wrap\"><span class=\"uagb-ss__source-icon\"><svg xmlns=\"https:\/\/www.w3.org\/2000\/svg\" viewbox=\"0 0 512 512\"><path d=\"M389.2 48h70.6L305.6 224.2 487 464H345L233.7 318.6 106.5 464H35.8L200.7 275.5 26.8 48H172.4L272.9 180.9 389.2 48zM364.4 421.8h39.1L151.1 88h-42L364.4 421.8z\"><\/path><\/svg><\/span><\/span><\/span><\/div>\n\n\n\n<div class=\"wp-block-uagb-social-share-child uagb-ss-repeater uagb-ss__wrapper uagb-block-00dafc20\"><span class=\"uagb-ss__link\" data-href=\"https:\/\/pinterest.com\/pin\/create\/link\/?url=\" tabindex=\"0\" role=\"button\" aria-label=\"pinterest\"><span class=\"uagb-ss__source-wrap\"><\/span><\/span><\/div>\n<\/div>\n<\/div>\n<\/div><\/div>\n\n\n\n<p><\/p>\n\n\n\n<div class=\"wp-block-uagb-container uagb-block-496163b7 alignfull uagb-is-root-container\"><div class=\"uagb-container-inner-blocks-wrap\">\n<div class=\"wp-block-uagb-info-box uagb-block-3fe81058 uagb-infobox__content-wrap  uagb-infobox-icon-above-title uagb-infobox-image-valign-top\"><div class=\"uagb-ifb-content\"><div class=\"uagb-ifb-title-wrap\"><h3 class=\"uagb-ifb-title\">\u00dcberlegungen derer, mit denen ich gebaut habe<\/h3><\/div><p class=\"uagb-ifb-desc\">\"Die Wirkung \u00fcberdauert die Berufsbezeichnung; das Verm\u00e4chtnis wird in Vertrauen geschrieben.\"<br>Dies sind die Stimmen von Mentoren, Mitarbeitern und Pionieren - Menschen, mit denen ich die Ehre hatte, etwas aufzubauen und von denen ich gepr\u00e4gt wurde - \u00fcber Branchen, Grenzen und Epochen der Transformation hinweg.<br><\/p><div class=\"uagb-ifb-separator\"><\/div><\/div><\/div>\n\n\n\n<div class=\"wp-block-uagb-container uagb-block-d019377b alignfull uagb-is-root-container\"><div class=\"uagb-container-inner-blocks-wrap\">\n<div class=\"wp-block-uagb-container uagb-block-f48d2b0c\">      \n\t\t\t<div class=\"uagb-icon-wrapper uagb-block-60c5f9a2\"\n\t\t\tstyle=\"\" >\n\t\t\t\t\t\t\t\t\t<span class=\"uagb-svg-wrapper\" \n\t\t\t\t\t aria-label=\"Zitat-Links\"\t\t\t\t\ttabindex=\"0\">\t\t\n\t\t\t\t\t\t\t\t\t\t<svg xmlns=\"https:\/\/www.w3.org\/2000\/svg\" viewbox= \"0 0 448 512\" role=\"graphics-symbol\" aria-hidden=\"false\" aria-label=\"\"><path d=\"M96 224C84.72 224 74.05 226.3 64 229.9V224c0-35.3 28.7-64 64-64c17.67 0 32-14.33 32-32S145.7 96 128 96C57.42 96 0 153.4 0 224v96c0 53.02 42.98 96 96 96s96-42.98 96-96S149 224 96 224zM352 224c-11.28 0-21.95 2.305-32 5.879V224c0-35.3 28.7-64 64-64c17.67 0 32-14.33 32-32s-14.33-32-32-32c-70.58 0-128 57.42-128 128v96c0 53.02 42.98 96 96 96s96-42.98 96-96S405 224 352 224z\"><\/path><\/svg>\n\t\t\t\t\t\t\t\t\t<\/span>\n\t\t\t\t\t\t\t<\/div>\n\t\t\t\n\n\n<div class=\"wp-block-uagb-info-box uagb-block-295ea2eb uagb-infobox__content-wrap  uagb-infobox-icon-above-title uagb-infobox-image-valign-top\"><div class=\"uagb-ifb-content\"><div class=\"uagb-ifb-image-content\"><img decoding=\"async\" src=\"https:\/\/alanali.com\/wp-content\/uploads\/2025\/05\/Rabea-JPG.jpg\" alt=\"\" width=\"60\" height=\"60\" loading=\"lazy\"\/><\/div><div class=\"uagb-ifb-title-wrap\"><p class=\"uagb-ifb-title-prefix\">Ich hatte das Vergn\u00fcgen, mit Alan in Kurdistan\/Irak zusammenzuarbeiten, insbesondere bei der Entwicklung seiner F\u00e4higkeiten als Redner in der \u00d6ffentlichkeit. Alan ist eine jener F\u00fchrungspers\u00f6nlichkeiten, die mehrere Talente in sich vereinen, die es ihm erm\u00f6glichten, eine besondere F\u00fchrungsrolle in seiner Gemeinschaft einzunehmen: erstaunliche F\u00e4higkeiten in den Bereichen F\u00fchrung, Beziehungen, Kompetenz, Vision\u00e4r und Unternehmertum. Alan ging die Technologie von einem sozialen Standpunkt aus an und leistete einen gro\u00dfen Beitrag zur Entwicklung seines Landes. Ich w\u00fcrde Alan jeder lokalen oder internationalen Organisation w\u00e4rmstens empfehlen.<\/p><div class=\"uagb-ifb-separator\"><\/div><p class=\"uagb-ifb-title\"><strong>Dr. Rabee Fares<br><\/strong>Executive Coach &amp; Berater f\u00fcr F\u00fchrungskr\u00e4fte, Gr\u00fcnder von IBEE<\/p><\/div><\/div><\/div>\n<\/div>\n\n\n\n<div class=\"wp-block-uagb-container uagb-block-ce30c46f\">      \n\t\t\t<div class=\"uagb-icon-wrapper uagb-block-21687caf\"\n\t\t\tstyle=\"\" >\n\t\t\t\t\t\t\t\t\t<span class=\"uagb-svg-wrapper\" \n\t\t\t\t\t aria-label=\"Zitat-Links\"\t\t\t\t\ttabindex=\"0\">\t\t\n\t\t\t\t\t\t\t\t\t\t<svg xmlns=\"https:\/\/www.w3.org\/2000\/svg\" viewbox= \"0 0 448 512\" role=\"graphics-symbol\" aria-hidden=\"false\" aria-label=\"\"><path d=\"M96 224C84.72 224 74.05 226.3 64 229.9V224c0-35.3 28.7-64 64-64c17.67 0 32-14.33 32-32S145.7 96 128 96C57.42 96 0 153.4 0 224v96c0 53.02 42.98 96 96 96s96-42.98 96-96S149 224 96 224zM352 224c-11.28 0-21.95 2.305-32 5.879V224c0-35.3 28.7-64 64-64c17.67 0 32-14.33 32-32s-14.33-32-32-32c-70.58 0-128 57.42-128 128v96c0 53.02 42.98 96 96 96s96-42.98 96-96S405 224 352 224z\"><\/path><\/svg>\n\t\t\t\t\t\t\t\t\t<\/span>\n\t\t\t\t\t\t\t<\/div>\n\t\t\t\n\n\n<div class=\"wp-block-uagb-info-box uagb-block-0b696f45 uagb-infobox__content-wrap  uagb-infobox-icon-above-title uagb-infobox-image-valign-top\"><div class=\"uagb-ifb-content\"><div class=\"uagb-ifb-image-content\"><img decoding=\"async\" src=\"https:\/\/alanali.com\/wp-content\/uploads\/2025\/05\/Phil.png\" alt=\"\" width=\"60\" height=\"59\" loading=\"lazy\"\/><\/div><div class=\"uagb-ifb-title-wrap\"><p class=\"uagb-ifb-title-prefix\">Alan Ali arbeitete f\u00fcr mich als Operations Director f\u00fcr den GSM-Betreiber Asiacell im Irak, als ich 2004\/2005 CTO in dieser Organisation war. Alan war ein engagierter und hart arbeitender Ingenieur und Manager, der sich in seiner Funktion den Respekt seiner Untergebenen, Vorgesetzten und Kollegen erwarb. Alan zeigte eine f\u00fcr seine Position ungew\u00f6hnlich kluge und vern\u00fcnftige Einstellung.<br>Alan verf\u00fcgt \u00fcber fundierte Kenntnisse sowohl der Technologie als auch des irakischen Umfelds und leistete dem Unternehmen sehr wertvolle Dienste. Dar\u00fcber hinaus verf\u00fcgt Alan \u00fcber gute Beziehungen zu den Telekommunikationsanbietern, die Asiacell die Infrastruktur zur Verf\u00fcgung stellen.<br>Ich habe kein Problem damit, Alan f\u00fcr jede \u00e4hnliche Position in der Telekommunikationsbranche zu empfehlen.<\/p><div class=\"uagb-ifb-separator\"><\/div><p class=\"uagb-ifb-title\"><strong>Phil Moyse<br><\/strong><em>Ehemaliger CTO, Asiacell | Telecom Executive<\/em><\/p><\/div><\/div><\/div>\n<\/div>\n\n\n\n<div class=\"wp-block-uagb-container uagb-block-6509a9ea\">      \n\t\t\t<div class=\"uagb-icon-wrapper uagb-block-25b3fcde\"\n\t\t\tstyle=\"\" >\n\t\t\t\t\t\t\t\t\t<span class=\"uagb-svg-wrapper\" \n\t\t\t\t\t aria-label=\"Zitat-Links\"\t\t\t\t\ttabindex=\"0\">\t\t\n\t\t\t\t\t\t\t\t\t\t<svg xmlns=\"https:\/\/www.w3.org\/2000\/svg\" viewbox= \"0 0 448 512\" role=\"graphics-symbol\" aria-hidden=\"false\" aria-label=\"\"><path d=\"M96 224C84.72 224 74.05 226.3 64 229.9V224c0-35.3 28.7-64 64-64c17.67 0 32-14.33 32-32S145.7 96 128 96C57.42 96 0 153.4 0 224v96c0 53.02 42.98 96 96 96s96-42.98 96-96S149 224 96 224zM352 224c-11.28 0-21.95 2.305-32 5.879V224c0-35.3 28.7-64 64-64c17.67 0 32-14.33 32-32s-14.33-32-32-32c-70.58 0-128 57.42-128 128v96c0 53.02 42.98 96 96 96s96-42.98 96-96S405 224 352 224z\"><\/path><\/svg>\n\t\t\t\t\t\t\t\t\t<\/span>\n\t\t\t\t\t\t\t<\/div>\n\t\t\t\n\n\n<div class=\"wp-block-uagb-info-box uagb-block-3cc6e56d uagb-infobox__content-wrap  uagb-infobox-icon-above-title uagb-infobox-image-valign-top\"><div class=\"uagb-ifb-content\"><div class=\"uagb-ifb-image-content\"><img decoding=\"async\" src=\"https:\/\/alanali.com\/wp-content\/uploads\/2021\/02\/male-1.jpg\" alt=\"\" width=\"60\" height=\"60\" loading=\"lazy\"\/><\/div><div class=\"uagb-ifb-title-wrap\"><p class=\"uagb-ifb-title-prefix\">Alan Ali ist eine Unternehmerpers\u00f6nlichkeit und immer auf der Suche nach neuen Herausforderungen in der Wirtschaft und der Telekommunikationstechnologie. Es ist eine Freude, mit ihm zu arbeiten und sich neuen Herausforderungen zu stellen. Au\u00dferdem ist die Zusammenarbeit mit ihm wirklich eine aufregende Erfahrung, da man das Gef\u00fchl hat, eher mit einem Freund als mit einem Manager oder einer F\u00fchrungskraft zusammenzuarbeiten, und er wird einem mit seinem Wissen und seinen F\u00e4higkeiten zur Seite stehen. Er ist ein kluger Kopf, was man an seiner ruhigen und seri\u00f6sen Art, Aufgaben zu managen und zu leiten, erkennen kann. Ich habe in meinen Anfangsjahren in der Telekommunikation mit ihm zusammengearbeitet, und es wird mir eine Ehre sein, wieder mit ihm zu arbeiten.<\/p><div class=\"uagb-ifb-separator\"><\/div><p class=\"uagb-ifb-title\"><strong>Muhammad Tawfiq<br><\/strong><em>Erfahrener IT- und Business-Leader | PMP- und ITIL-Experte<\/em><\/p><\/div><\/div><\/div>\n<\/div>\n<\/div><\/div>\n<\/div><\/div>\n\n\n\n<div class=\"wp-block-uagb-container uagb-block-802ea240 alignfull uagb-is-root-container\"><div class=\"uagb-container-inner-blocks-wrap\">\n<div class=\"wp-block-uagb-info-box uagb-block-b5501270 uagb-infobox__content-wrap  uagb-infobox-icon-above-title uagb-infobox-image-valign-top\"><div class=\"uagb-ifb-content\"><div class=\"uagb-ifb-title-wrap\"><h3 class=\"uagb-ifb-title\">In Kontakt bleiben<\/h3><\/div><p class=\"uagb-ifb-desc\">Bleiben wir in Verbindung<br>Wenn Sie mit mir zusammenarbeiten, mehr \u00fcber SPARK erfahren oder einfach nur Kontakte kn\u00fcpfen m\u00f6chten, freue ich mich auf ein interessantes Gespr\u00e4ch.<br>\ud83d\udce7 info@alanali.com<\/p><div class=\"uagb-ifb-separator\"><\/div><\/div><\/div>\n\n\n\n<div class=\"wp-block-uagb-forms uagb-forms__outer-wrap uagb-block-18b3c5c9 uagb-forms__medium-btn uagb-forms-inline-field uagb-forms-button-desk-width-0 uagb-forms-column-gap-5 uagb-forms-button-tablet-width-45 uagb-forms-button-mobile-width-100\"><form class=\"uagb-forms-main-form\" method=\"post\" autocomplete=\"on\" name=\"uagb-form-18b3c5c9\" action=\"\">\n<div class=\"wp-block-uagb-forms-email uagb-forms-email-wrap uagb-forms-field-set uagb-block-f43f63e4 uagb-forms-field-desk-width-75 uagb-forms-field-tablet-width-60 uagb-forms-field-mobile-width-100\"><div class=\"uagb-forms-email-label required uagb-forms-input-label\" id=\"f43f63e4\">E-Mail<\/div><input type=\"email\" class=\"uagb-forms-email-input uagb-forms-input\" placeholder=\"E-Mail Adresse eingeben\" required name=\"f43f63e4\" autocomplete=\"email\"\/><\/div>\n<div class=\"uagb-forms-form-hidden-data\"><input type=\"hidden\" class=\"uagb_forms_form_label\" value=\"Spectra Form\"\/><input type=\"hidden\" class=\"uagb_forms_form_id\" value=\"uagb-form-18b3c5c9\"\/><\/div><div class=\"uagb-form-reacaptcha-error-18b3c5c9\"><\/div><div class=\"uagb-forms-main-submit-button-wrap wp-block-button\"><button class=\"uagb-forms-main-submit-button wp-block-button__link\"><div class=\"uagb-forms-main-submit-button-text\">Abonnieren<\/div><\/button><\/div><input type=\"hidden\" name=\"trp-form-language\" value=\"de\"\/><\/form><div class=\"uagb-forms-success-message-18b3c5c9 uagb-forms-submit-message-hide\"><span>Das Formular wurde erfolgreich abgeschickt!<\/span><\/div><div class=\"uagb-forms-failed-message-18b3c5c9 uagb-forms-submit-message-hide\"><span>Es ist ein Fehler beim Absenden des Formulars aufgetreten. Bitte \u00fcberpr\u00fcfen Sie alle Formularfelder erneut.<\/span><\/div><\/div>\n<\/div><\/div>","protected":false},"excerpt":{"rendered":"<p>My Journey info@alanali.com Building Telecom from ScratchAt Asiacell, I helped launch Iraq\u2019s first GSM network. I configured the first internet connection in Sulaymaniyah. We opened Iraq\u2019s first internet caf\u00e9 and printed its first prepaid internet cards. I established first contact with Huawei in 2003, helping Asiacell scale from 5,000 to 70,000 lines \u2014 a bold [&hellip;]<\/p>\n","protected":false},"author":1,"featured_media":0,"parent":0,"menu_order":0,"comment_status":"closed","ping_status":"closed","template":"","meta":{"_uag_custom_page_level_css":"","site-sidebar-layout":"no-sidebar","site-content-layout":"page-builder","ast-site-content-layout":"full-width-container","site-content-style":"unboxed","site-sidebar-style":"unboxed","ast-global-header-display":"","ast-banner-title-visibility":"","ast-main-header-display":"","ast-hfb-above-header-display":"","ast-hfb-below-header-display":"","ast-hfb-mobile-header-display":"","site-post-title":"disabled","ast-breadcrumbs-content":"","ast-featured-img":"disabled","footer-sml-layout":"","theme-transparent-header-meta":"enabled","adv-header-id-meta":"","stick-header-meta":"","header-above-stick-meta":"","header-main-stick-meta":"","header-below-stick-meta":"","astra-migrate-meta-layouts":"set","ast-page-background-enabled":"default","ast-page-background-meta":{"desktop":{"background-color":"","background-image":"","background-repeat":"repeat","background-position":"center center","background-size":"auto","background-attachment":"scroll","background-type":"","background-media":"","overlay-type":"","overlay-color":"","overlay-opacity":"","overlay-gradient":""},"tablet":{"background-color":"","background-image":"","background-repeat":"repeat","background-position":"center center","background-size":"auto","background-attachment":"scroll","background-type":"","background-media":"","overlay-type":"","overlay-color":"","overlay-opacity":"","overlay-gradient":""},"mobile":{"background-color":"","background-image":"","background-repeat":"repeat","background-position":"center center","background-size":"auto","background-attachment":"scroll","background-type":"","background-media":"","overlay-type":"","overlay-color":"","overlay-opacity":"","overlay-gradient":""}},"ast-content-background-meta":{"desktop":{"background-color":"var(--ast-global-color-5)","background-image":"","background-repeat":"repeat","background-position":"center center","background-size":"auto","background-attachment":"scroll","background-type":"","background-media":"","overlay-type":"","overlay-color":"","overlay-opacity":"","overlay-gradient":""},"tablet":{"background-color":"var(--ast-global-color-5)","background-image":"","background-repeat":"repeat","background-position":"center center","background-size":"auto","background-attachment":"scroll","background-type":"","background-media":"","overlay-type":"","overlay-color":"","overlay-opacity":"","overlay-gradient":""},"mobile":{"background-color":"var(--ast-global-color-5)","background-image":"","background-repeat":"repeat","background-position":"center center","background-size":"auto","background-attachment":"scroll","background-type":"","background-media":"","overlay-type":"","overlay-color":"","overlay-opacity":"","overlay-gradient":""}},"footnotes":""},"class_list":["post-1203","page","type-page","status-publish","hentry"],"uagb_featured_image_src":{"full":false,"thumbnail":false,"medium":false,"medium_large":false,"large":false,"1536x1536":false,"2048x2048":false,"trp-custom-language-flag":false},"uagb_author_info":{"display_name":"alanali","author_link":"https:\/\/alanali.com\/de\/author\/alanali\/"},"uagb_comment_info":0,"uagb_excerpt":"My Journey info@alanali.com Building Telecom from ScratchAt Asiacell, I helped launch Iraq\u2019s first GSM network. I configured the first internet connection in Sulaymaniyah. We opened Iraq\u2019s first internet caf\u00e9 and printed its first prepaid internet cards. I established first contact with Huawei in 2003, helping Asiacell scale from 5,000 to 70,000 lines \u2014 a bold&hellip;","_links":{"self":[{"href":"https:\/\/alanali.com\/de\/wp-json\/wp\/v2\/pages\/1203","targetHints":{"allow":["GET"]}}],"collection":[{"href":"https:\/\/alanali.com\/de\/wp-json\/wp\/v2\/pages"}],"about":[{"href":"https:\/\/alanali.com\/de\/wp-json\/wp\/v2\/types\/page"}],"author":[{"embeddable":true,"href":"https:\/\/alanali.com\/de\/wp-json\/wp\/v2\/users\/1"}],"replies":[{"embeddable":true,"href":"https:\/\/alanali.com\/de\/wp-json\/wp\/v2\/comments?post=1203"}],"version-history":[{"count":6,"href":"https:\/\/alanali.com\/de\/wp-json\/wp\/v2\/pages\/1203\/revisions"}],"predecessor-version":[{"id":2614,"href":"https:\/\/alanali.com\/de\/wp-json\/wp\/v2\/pages\/1203\/revisions\/2614"}],"wp:attachment":[{"href":"https:\/\/alanali.com\/de\/wp-json\/wp\/v2\/media?parent=1203"}],"curies":[{"name":"wp","href":"https:\/\/api.w.org\/{rel}","templated":true}]}}