{"id":1203,"date":"2025-05-11T10:39:11","date_gmt":"2025-05-11T10:39:11","guid":{"rendered":"http:\/\/212.95.33.166\/about\/"},"modified":"2025-05-17T16:20:48","modified_gmt":"2025-05-17T16:20:48","slug":"acerca-de","status":"publish","type":"page","link":"https:\/\/alanali.com\/es\/about\/","title":{"rendered":"Mi viaje"},"content":{"rendered":"<div class=\"wp-block-uagb-container uagb-block-6fbca592 alignfull uagb-is-root-container\"><div class=\"uagb-container-inner-blocks-wrap\">\n<div class=\"wp-block-uagb-advanced-heading uagb-block-ceaf28e8\"><h2 class=\"uagb-heading-text\">Mi viaje<\/h2><div class=\"uagb-separator\"><\/div><\/div>\n<\/div><\/div>\n\n\n\n<div class=\"wp-block-uagb-container uagb-block-5fe1efa9 alignfull uagb-is-root-container\"><div class=\"uagb-container-inner-blocks-wrap\">\n<div class=\"wp-block-uagb-container uagb-block-16c5453a\">\n<div class=\"wp-block-uagb-image alignleft uagb-block-49c8c1d8 wp-block-uagb-image--layout-default wp-block-uagb-image--effect-static wp-block-uagb-image--align-left\"><figure class=\"wp-block-uagb-image__figure\"><img decoding=\"async\" srcset=\"https:\/\/alanali.com\/wp-content\/uploads\/2025\/05\/Alan-Ali-Photo-Smile-658x1024.jpg ,https:\/\/alanali.com\/wp-content\/uploads\/2025\/05\/Alan-Ali-Photo-Smile-scaled.jpg 780w, https:\/\/alanali.com\/wp-content\/uploads\/2025\/05\/Alan-Ali-Photo-Smile-scaled.jpg 360w\" sizes=\"auto, (max-width: 480px) 150px\" src=\"https:\/\/alanali.com\/wp-content\/uploads\/2025\/05\/Alan-Ali-Photo-Smile-658x1024.jpg\" alt=\"\" class=\"uag-image-2608\" width=\"330\" height=\"480\" title=\"Alan Ali Foto Sonrisa\" loading=\"lazy\" role=\"img\"\/><\/figure><\/div>\n<\/div>\n\n\n\n<div class=\"wp-block-uagb-container uagb-block-8a18a153\">\n<div class=\"wp-block-uagb-info-box uagb-block-fafa4063 uagb-infobox__content-wrap  uagb-infobox-icon-above-title uagb-infobox-image-valign-top\"><div class=\"uagb-ifb-content\"><div class=\"uagb-ifb-title-wrap\"><h5 class=\"uagb-ifb-title\">\"Empezamos en un mundo que no elegimos, pero el viaje de la vida es crecer m\u00e1s all\u00e1 de nuestro pasado y despertar a lo que podemos llegar a ser\".<\/h5><\/div><div class=\"uagb-ifb-separator\"><\/div><p class=\"uagb-ifb-desc\">Nac\u00ed en Sulaymaniyah durante una fuerte tormenta de nieve que bloque\u00f3 las carreteras; era el menor de nueve hermanos en una familia en la que la curiosidad era nuestra lengua materna. Desde mis primeros recuerdos, me rodearon debates filos\u00f3ficos, asombro cient\u00edfico y la poderosa atracci\u00f3n de las historias, tanto habladas como vividas. Mi viaje empez\u00f3 con dificultades, pero fue moldeado por un descubrimiento incesante.<br><strong>Un ni\u00f1o curioso<br><\/strong>De peque\u00f1o, me interesaba m\u00e1s entender c\u00f3mo funcionaba el mundo que memorizar libros de texto. Una vez intent\u00e9 crear mi propio teorema de geometr\u00eda en noveno curso, y mi profesor crey\u00f3 que lo hab\u00eda conseguido. Mis notas nunca reflejaron mi intelecto, pero mi imaginaci\u00f3n nunca se detuvo. Repar\u00e9 electrodom\u00e9sticos en mi adolescencia, dominando la soldadura, los sistemas de refrigeraci\u00f3n e incluso el dise\u00f1o de motores japoneses. Aprend\u00ed por mi cuenta a reparar televisores, recablear radios y programar con BASIC en un ordenador Aquarius.<br><strong>Una vida marcada por momentos decisivos<br><\/strong>El levantamiento kurdo de 1991 y la huida de nuestra familia a la frontera iran\u00ed me ense\u00f1aron el valor del conocimiento. Cuando volvimos, me dediqu\u00e9 a la educaci\u00f3n, no s\u00f3lo para aprender, sino para mejorar. Estudi\u00e9 ingenier\u00eda mec\u00e1nica, pero en secreto aprend\u00ed inform\u00e1tica en el laboratorio de otra universidad. Esa curiosidad se convirti\u00f3 en vocaci\u00f3n.<br><strong>Pionera en tecnolog\u00eda y medios de comunicaci\u00f3n<br><\/strong>A finales de 1997, me incorpor\u00e9 a Khak TV sin ning\u00fan t\u00edtulo, s\u00f3lo con la convicci\u00f3n de que los medios de comunicaci\u00f3n pod\u00edan ser m\u00e1s inteligentes, m\u00e1s humanos. Bajo la direcci\u00f3n de la Sra. Hero Ibrahim Ahmed, introduje la primera separaci\u00f3n digital de colores de la regi\u00f3n utilizando CorelDRAW. Constru\u00ed una de las primeras redes LAN de Iraq y lanc\u00e9 el teletexto y un programa de subt\u00edtulos que permit\u00eda a la gente enviar mensajes al aire, posiblemente una de las primeras formas de medios sociales basados en texto a trav\u00e9s de la radiodifusi\u00f3n de masas. Los espectadores no s\u00f3lo consum\u00edan medios, sino que participaban en ellos.<br>M\u00e1s tarde, Kurdsat TV se fund\u00f3 en una de las salas de Khak TV y yo dise\u00f1\u00e9 su ya ic\u00f3nico logotipo del narciso y la primera animaci\u00f3n de la emisi\u00f3n de prueba. Form\u00e9 al personal, digitalic\u00e9 la producci\u00f3n e introduje nuevos formatos, como los nombres de los presentadores de las noticias y la lectura de noticias sin papel. El efecto domin\u00f3 influy\u00f3 en la evoluci\u00f3n de los medios de comunicaci\u00f3n del Kurdist\u00e1n.<br><\/p><\/div><\/div>\n\n\n\n<div class=\"wp-block-uagb-advanced-heading uagb-block-7df0c697\"><h6 class=\"uagb-heading-text\">info@alanali.com<\/h6><\/div>\n<\/div>\n\n\n\n<div class=\"wp-block-uagb-container uagb-block-797dc144\">\n<p><strong>Construir Telecom desde cero<br><\/strong>En Asiacell, ayud\u00e9 a lanzar la primera red GSM de Irak. Configur\u00e9 la primera conexi\u00f3n a Internet en Sulaymaniyah. Abrimos el primer cibercaf\u00e9 de Irak e imprimimos las primeras tarjetas prepago de Internet. Establec\u00ed el primer contacto con Huawei en 2003, ayudando a Asiacell a pasar de 5.000 a 70.000 l\u00edneas, un salto audaz que sent\u00f3 las bases de la moderna infraestructura de telecomunicaciones.<br><strong>Empresario, educador, arquitecto del cambio<br><\/strong>M\u00e1s tarde fund\u00e9 Dar Al Iraqiun e introduje el primer sistema electr\u00f3nico de distribuci\u00f3n de vales de Iraq. Puse en marcha el primer club de oratoria Toastmasters del pa\u00eds. Cre\u00e9 Ava Media, una agencia creativa transformadora l\u00edder en SVA, producci\u00f3n de contenidos e innovaci\u00f3n.<br><strong>Un cambio espiritual<br><\/strong>El cap\u00edtulo m\u00e1s transformador de mi vida comenz\u00f3 con un viaje a la India, donde conoc\u00ed a mi maestro espiritual, Guru Ji. Con \u00e9l, encontr\u00e9 lo que hab\u00eda estado buscando todo el tiempo: la verdad, la claridad interior y el valor para alinear mi vida con el servicio. Mis ataques de p\u00e1nico desaparecieron. Mi coraz\u00f3n se abri\u00f3. Empec\u00e9 a ver el mundo -y a m\u00ed misma- de otra manera.<br>Ahora vivo para provocar el cambio a trav\u00e9s del liderazgo, la tutor\u00eda, la educaci\u00f3n y el poder silencioso del ejemplo vivido. Este no es el final de mi historia. Es s\u00f3lo la mitad.<\/p>\n\n\n\n<div class=\"wp-block-uagb-info-box uagb-block-4681c401 uagb-infobox__content-wrap  uagb-infobox-icon-above-title uagb-infobox-image-valign-top\"><div class=\"uagb-ifb-content\"><div class=\"uagb-ifb-title-wrap\"><h5 class=\"uagb-ifb-title\"><br>Lo m\u00e1s destacado de mi viaje<\/h5><\/div><div class=\"uagb-ifb-separator\"><\/div><p class=\"uagb-ifb-desc\">\ud83c\udf10 Conectada la primera conexi\u00f3n a Internet en Sulaymaniyah (1998)<br>\ud83d\udcbb Construy\u00f3 el primer cibercaf\u00e9 de Irak e introdujo las tarjetas prepago de Internet.<br>\ud83d\udcfa Cre\u00f3 el primer programa de interacci\u00f3n con el espectador al estilo del teletexto de Iraq (Khak TV).<br>\ud83d\udda5 Impresi\u00f3n digitalizada de la revista Khak Magazine con CorelDRAW, una primicia nacional<br>\ud83e\uddd1\u200d\ud83c\udfeb Puso en marcha el primer club de oratoria Toastmasters de Iraq.<br>\ud83d\udcf1 Ayud\u00f3 a desplegar la primera red GSM de Iraq (Asiacell)<br>\ud83c\udfa8 Dise\u00f1\u00f3 el logotipo de Kurdsat TV, ahora un s\u00edmbolo ic\u00f3nico de los medios de comunicaci\u00f3n.<br>\ud83c\udf93 Complet\u00f3 la primera cohorte de MBA en AUIS<br>\ud83c\udf1f Se convierte en alumno de la Harvard Business School (PLD9, AMP)<br>\ud83e\udd1d Funda Dar Al Iraqiun, que introduce el primer sistema EVD de Irak.<br>Fund\u00f3 SPARK, una iniciativa juvenil que combina la sabidur\u00eda ancestral con la educaci\u00f3n moderna.<br>Ha sido mentor de docenas de agentes de cambio y ha dirigido seminarios en Irak y otros pa\u00edses.<\/p><\/div><\/div>\n\n\n\n<div class=\"wp-block-uagb-social-share uagb-social-share__outer-wrap uagb-social-share__layout-horizontal uagb-block-71947d21\">\n<div class=\"wp-block-uagb-social-share-child uagb-ss-repeater uagb-ss__wrapper uagb-block-a30b3f39\"><span class=\"uagb-ss__link\" data-href=\"https:\/\/www.linkedin.com\/shareArticle?url=\" tabindex=\"0\" role=\"button\" aria-label=\"linkedin\"><span class=\"uagb-ss__source-wrap\"><span class=\"uagb-ss__source-icon\"><svg xmlns=\"https:\/\/www.w3.org\/2000\/svg\" viewbox=\"0 0 448 512\"><path d=\"M416 32H31.9C14.3 32 0 46.5 0 64.3v383.4C0 465.5 14.3 480 31.9 480H416c17.6 0 32-14.5 32-32.3V64.3c0-17.8-14.4-32.3-32-32.3zM135.4 416H69V202.2h66.5V416zm-33.2-243c-21.3 0-38.5-17.3-38.5-38.5S80.9 96 102.2 96c21.2 0 38.5 17.3 38.5 38.5 0 21.3-17.2 38.5-38.5 38.5zm282.1 243h-66.4V312c0-24.8-.5-56.7-34.5-56.7-34.6 0-39.9 27-39.9 54.9V416h-66.4V202.2h63.7v29.2h.9c8.9-16.8 30.6-34.5 62.9-34.5 67.2 0 79.7 44.3 79.7 101.9V416z\"><\/path><\/svg><\/span><\/span><\/span><\/div>\n\n\n\n<div class=\"wp-block-uagb-social-share-child uagb-ss-repeater uagb-ss__wrapper uagb-block-a334dda5\"><span class=\"uagb-ss__link\" data-href=\"https:\/\/www.facebook.com\/sharer.php?u=\" tabindex=\"0\" role=\"button\" aria-label=\"facebook\"><span class=\"uagb-ss__source-wrap\"><span class=\"uagb-ss__source-icon\"><svg xmlns=\"https:\/\/www.w3.org\/2000\/svg\" viewbox=\"0 0 512 512\"><path d=\"M504 256C504 119 393 8 256 8S8 119 8 256c0 123.8 90.69 226.4 209.3 245V327.7h-63V256h63v-54.64c0-62.15 37-96.48 93.67-96.48 27.14 0 55.52 4.84 55.52 4.84v61h-31.28c-30.8 0-40.41 19.12-40.41 38.73V256h68.78l-11 71.69h-57.78V501C413.3 482.4 504 379.8 504 256z\"><\/path><\/svg><\/span><\/span><\/span><\/div>\n\n\n\n<div class=\"wp-block-uagb-social-share-child uagb-ss-repeater uagb-ss__wrapper uagb-block-b4fb9c07\"><span class=\"uagb-ss__link\" data-href=\"https:\/\/twitter.com\/share?url=\" tabindex=\"0\" role=\"button\" aria-label=\"twitter\"><span class=\"uagb-ss__source-wrap\"><span class=\"uagb-ss__source-icon\"><svg xmlns=\"https:\/\/www.w3.org\/2000\/svg\" viewbox=\"0 0 512 512\"><path d=\"M389.2 48h70.6L305.6 224.2 487 464H345L233.7 318.6 106.5 464H35.8L200.7 275.5 26.8 48H172.4L272.9 180.9 389.2 48zM364.4 421.8h39.1L151.1 88h-42L364.4 421.8z\"><\/path><\/svg><\/span><\/span><\/span><\/div>\n\n\n\n<div class=\"wp-block-uagb-social-share-child uagb-ss-repeater uagb-ss__wrapper uagb-block-00dafc20\"><span class=\"uagb-ss__link\" data-href=\"https:\/\/pinterest.com\/pin\/create\/link\/?url=\" tabindex=\"0\" role=\"button\" aria-label=\"pinterest\"><span class=\"uagb-ss__source-wrap\"><\/span><\/span><\/div>\n<\/div>\n<\/div>\n<\/div><\/div>\n\n\n\n<p><\/p>\n\n\n\n<div class=\"wp-block-uagb-container uagb-block-496163b7 alignfull uagb-is-root-container\"><div class=\"uagb-container-inner-blocks-wrap\">\n<div class=\"wp-block-uagb-info-box uagb-block-3fe81058 uagb-infobox__content-wrap  uagb-infobox-icon-above-title uagb-infobox-image-valign-top\"><div class=\"uagb-ifb-content\"><div class=\"uagb-ifb-title-wrap\"><h3 class=\"uagb-ifb-title\">Reflexiones de aquellos con los que he construido<\/h3><\/div><p class=\"uagb-ifb-desc\">\"El impacto sobrevive a los cargos; el legado se escribe en fideicomiso\".<br>Estas son las voces de mentores, colaboradores y pioneros -personas con las que he tenido el honor de construir y que me han dado forma- a trav\u00e9s de industrias, fronteras y \u00e9pocas de transformaci\u00f3n.<br><\/p><div class=\"uagb-ifb-separator\"><\/div><\/div><\/div>\n\n\n\n<div class=\"wp-block-uagb-container uagb-block-d019377b alignfull uagb-is-root-container\"><div class=\"uagb-container-inner-blocks-wrap\">\n<div class=\"wp-block-uagb-container uagb-block-f48d2b0c\">      \n\t\t\t<div class=\"uagb-icon-wrapper uagb-block-60c5f9a2\"\n\t\t\tstyle=\"\" >\n\t\t\t\t\t\t\t\t\t<span class=\"uagb-svg-wrapper\" \n\t\t\t\t\t aria-label=\"quote-left\"\t\t\t\t\ttabindex=\"0\">\t\t\n\t\t\t\t\t\t\t\t\t\t<svg xmlns=\"https:\/\/www.w3.org\/2000\/svg\" viewbox= \"0 0 448 512\" role=\"graphics-symbol\" aria-hidden=\"false\" aria-label=\"\"><path d=\"M96 224C84.72 224 74.05 226.3 64 229.9V224c0-35.3 28.7-64 64-64c17.67 0 32-14.33 32-32S145.7 96 128 96C57.42 96 0 153.4 0 224v96c0 53.02 42.98 96 96 96s96-42.98 96-96S149 224 96 224zM352 224c-11.28 0-21.95 2.305-32 5.879V224c0-35.3 28.7-64 64-64c17.67 0 32-14.33 32-32s-14.33-32-32-32c-70.58 0-128 57.42-128 128v96c0 53.02 42.98 96 96 96s96-42.98 96-96S405 224 352 224z\"><\/path><\/svg>\n\t\t\t\t\t\t\t\t\t<\/span>\n\t\t\t\t\t\t\t<\/div>\n\t\t\t\n\n\n<div class=\"wp-block-uagb-info-box uagb-block-295ea2eb uagb-infobox__content-wrap  uagb-infobox-icon-above-title uagb-infobox-image-valign-top\"><div class=\"uagb-ifb-content\"><div class=\"uagb-ifb-image-content\"><img decoding=\"async\" src=\"https:\/\/alanali.com\/wp-content\/uploads\/2025\/05\/Rabea-JPG.jpg\" alt=\"\" width=\"60\" height=\"60\" loading=\"lazy\"\/><\/div><div class=\"uagb-ifb-title-wrap\"><p class=\"uagb-ifb-title-prefix\">Tuve el placer de trabajar con Alan en Kurdist\u00e1n\/Irak, especialmente en el desarrollo de habilidades para hablar en p\u00fablico. Alan es uno de esos l\u00edderes que combina pocos talentos y que le permitieron ser un l\u00edder especial en su comunidad: habilidades asombrosas que incluyen y no se limitan al liderazgo, las relaciones, la competencia, la visi\u00f3n de futuro, el esp\u00edritu empresarial. Alan abord\u00f3 la tecnolog\u00eda desde una posici\u00f3n social, contribuyendo en gran medida al desarrollo de su naci\u00f3n. Recomendar\u00eda encarecidamente a Alan a cualquier organizaci\u00f3n local o internacional.<\/p><div class=\"uagb-ifb-separator\"><\/div><p class=\"uagb-ifb-title\"><strong>Dr. Rabee Fares<br><\/strong>Coach ejecutivo y asesor de liderazgo, fundador de IBEE<\/p><\/div><\/div><\/div>\n<\/div>\n\n\n\n<div class=\"wp-block-uagb-container uagb-block-ce30c46f\">      \n\t\t\t<div class=\"uagb-icon-wrapper uagb-block-21687caf\"\n\t\t\tstyle=\"\" >\n\t\t\t\t\t\t\t\t\t<span class=\"uagb-svg-wrapper\" \n\t\t\t\t\t aria-label=\"quote-left\"\t\t\t\t\ttabindex=\"0\">\t\t\n\t\t\t\t\t\t\t\t\t\t<svg xmlns=\"https:\/\/www.w3.org\/2000\/svg\" viewbox= \"0 0 448 512\" role=\"graphics-symbol\" aria-hidden=\"false\" aria-label=\"\"><path d=\"M96 224C84.72 224 74.05 226.3 64 229.9V224c0-35.3 28.7-64 64-64c17.67 0 32-14.33 32-32S145.7 96 128 96C57.42 96 0 153.4 0 224v96c0 53.02 42.98 96 96 96s96-42.98 96-96S149 224 96 224zM352 224c-11.28 0-21.95 2.305-32 5.879V224c0-35.3 28.7-64 64-64c17.67 0 32-14.33 32-32s-14.33-32-32-32c-70.58 0-128 57.42-128 128v96c0 53.02 42.98 96 96 96s96-42.98 96-96S405 224 352 224z\"><\/path><\/svg>\n\t\t\t\t\t\t\t\t\t<\/span>\n\t\t\t\t\t\t\t<\/div>\n\t\t\t\n\n\n<div class=\"wp-block-uagb-info-box uagb-block-0b696f45 uagb-infobox__content-wrap  uagb-infobox-icon-above-title uagb-infobox-image-valign-top\"><div class=\"uagb-ifb-content\"><div class=\"uagb-ifb-image-content\"><img decoding=\"async\" src=\"https:\/\/alanali.com\/wp-content\/uploads\/2025\/05\/Phil.png\" alt=\"\" width=\"60\" height=\"59\" loading=\"lazy\"\/><\/div><div class=\"uagb-ifb-title-wrap\"><p class=\"uagb-ifb-title-prefix\">Alan Ali trabaj\u00f3 para m\u00ed como Director de Operaciones del operador Asiacell GSM en Iraq cuando yo era CTO en esa organizaci\u00f3n en 2004\/2005. Alan era un ingeniero y director dedicado y trabajador que se gan\u00f3 el respeto de sus subordinados, superiores y compa\u00f1eros en su puesto. Alan mostr\u00f3 una sabidur\u00eda y una actitud de sentido com\u00fan inusuales para su cargo.<br>Alan tiene un profundo conocimiento tanto de la tecnolog\u00eda como del entorno iraqu\u00ed y prest\u00f3 un servicio muy valioso a la empresa. Adem\u00e1s, Alan mantiene una buena relaci\u00f3n con los proveedores de telecomunicaciones que suministran infraestructura a Asiacell.<br>No tengo ning\u00fan problema en recomendar a Alan para cualquier puesto similar en el sector de las telecomunicaciones.<\/p><div class=\"uagb-ifb-separator\"><\/div><p class=\"uagb-ifb-title\"><strong>Phil Moyse<br><\/strong><em>Ex Director T\u00e9cnico de Asiacell | Ejecutivo de telecomunicaciones<\/em><\/p><\/div><\/div><\/div>\n<\/div>\n\n\n\n<div class=\"wp-block-uagb-container uagb-block-6509a9ea\">      \n\t\t\t<div class=\"uagb-icon-wrapper uagb-block-25b3fcde\"\n\t\t\tstyle=\"\" >\n\t\t\t\t\t\t\t\t\t<span class=\"uagb-svg-wrapper\" \n\t\t\t\t\t aria-label=\"quote-left\"\t\t\t\t\ttabindex=\"0\">\t\t\n\t\t\t\t\t\t\t\t\t\t<svg xmlns=\"https:\/\/www.w3.org\/2000\/svg\" viewbox= \"0 0 448 512\" role=\"graphics-symbol\" aria-hidden=\"false\" aria-label=\"\"><path d=\"M96 224C84.72 224 74.05 226.3 64 229.9V224c0-35.3 28.7-64 64-64c17.67 0 32-14.33 32-32S145.7 96 128 96C57.42 96 0 153.4 0 224v96c0 53.02 42.98 96 96 96s96-42.98 96-96S149 224 96 224zM352 224c-11.28 0-21.95 2.305-32 5.879V224c0-35.3 28.7-64 64-64c17.67 0 32-14.33 32-32s-14.33-32-32-32c-70.58 0-128 57.42-128 128v96c0 53.02 42.98 96 96 96s96-42.98 96-96S405 224 352 224z\"><\/path><\/svg>\n\t\t\t\t\t\t\t\t\t<\/span>\n\t\t\t\t\t\t\t<\/div>\n\t\t\t\n\n\n<div class=\"wp-block-uagb-info-box uagb-block-3cc6e56d uagb-infobox__content-wrap  uagb-infobox-icon-above-title uagb-infobox-image-valign-top\"><div class=\"uagb-ifb-content\"><div class=\"uagb-ifb-image-content\"><img decoding=\"async\" src=\"https:\/\/alanali.com\/wp-content\/uploads\/2021\/02\/male-1.jpg\" alt=\"\" width=\"60\" height=\"60\" loading=\"lazy\"\/><\/div><div class=\"uagb-ifb-title-wrap\"><p class=\"uagb-ifb-title-prefix\">El Sr. Alan Ali tiene una personalidad emprendedora, y siempre busca nuevos retos en los negocios y la tecnolog\u00eda de las telecomunicaciones, es una alegr\u00eda trabajar y afrontar nuevos retos con \u00e9l. Adem\u00e1s, trabajar con \u00e9l es realmente una experiencia emocionante, ya que te sentir\u00e1s como si trabajaras con un amigo m\u00e1s que con un gerente o un ejecutivo, y \u00e9l te ayudar\u00e1 con cualquier conocimiento o capacidad que tenga. Es una persona astuta, como se puede intuir por su forma tranquila y seria de gestionar y dirigir las tareas. Hab\u00eda trabajado con \u00e9l en mis primeros a\u00f1os en Telco, y ser\u00e1 un honor volver a trabajar con \u00e9l.<\/p><div class=\"uagb-ifb-separator\"><\/div><p class=\"uagb-ifb-title\"><strong>Muhammad Tawfiq<br><\/strong><em>L\u00edder con experiencia en TI y negocios | Experto en PMP e ITIL<\/em><\/p><\/div><\/div><\/div>\n<\/div>\n<\/div><\/div>\n<\/div><\/div>\n\n\n\n<div class=\"wp-block-uagb-container uagb-block-802ea240 alignfull uagb-is-root-container\"><div class=\"uagb-container-inner-blocks-wrap\">\n<div class=\"wp-block-uagb-info-box uagb-block-b5501270 uagb-infobox__content-wrap  uagb-infobox-icon-above-title uagb-infobox-image-valign-top\"><div class=\"uagb-ifb-content\"><div class=\"uagb-ifb-title-wrap\"><h3 class=\"uagb-ifb-title\">Mantente en contacto<\/h3><\/div><p class=\"uagb-ifb-desc\">Sigamos conectados<br>Si quieres colaborar, saber m\u00e1s sobre SPARK o simplemente conectar, te invito a que mantengas una conversaci\u00f3n fruct\u00edfera.<br>\ud83d\udce7 info@alanali.com<\/p><div class=\"uagb-ifb-separator\"><\/div><\/div><\/div>\n\n\n\n<div class=\"wp-block-uagb-forms uagb-forms__outer-wrap uagb-block-18b3c5c9 uagb-forms__medium-btn uagb-forms-inline-field uagb-forms-button-desk-width-0 uagb-forms-column-gap-5 uagb-forms-button-tablet-width-45 uagb-forms-button-mobile-width-100\"><form class=\"uagb-forms-main-form\" method=\"post\" autocomplete=\"on\" name=\"uagb-form-18b3c5c9\" action=\"\">\n<div class=\"wp-block-uagb-forms-email uagb-forms-email-wrap uagb-forms-field-set uagb-block-f43f63e4 uagb-forms-field-desk-width-75 uagb-forms-field-tablet-width-60 uagb-forms-field-mobile-width-100\"><div class=\"uagb-forms-email-label required uagb-forms-input-label\" id=\"f43f63e4\">Correo electr\u00f3nico<\/div><input type=\"email\" class=\"uagb-forms-email-input uagb-forms-input\" placeholder=\"Introduzca la direcci\u00f3n de correo electr\u00f3nico\" required name=\"f43f63e4\" autocomplete=\"email\"\/><\/div>\n<div class=\"uagb-forms-form-hidden-data\"><input type=\"hidden\" class=\"uagb_forms_form_label\" value=\"Spectra Form\"\/><input type=\"hidden\" class=\"uagb_forms_form_id\" value=\"uagb-form-18b3c5c9\"\/><\/div><div class=\"uagb-form-reacaptcha-error-18b3c5c9\"><\/div><div class=\"uagb-forms-main-submit-button-wrap wp-block-button\"><button class=\"uagb-forms-main-submit-button wp-block-button__link\"><div class=\"uagb-forms-main-submit-button-text\">Suscr\u00edbase a<\/div><\/button><\/div><input type=\"hidden\" name=\"trp-form-language\" value=\"es\"\/><\/form><div class=\"uagb-forms-success-message-18b3c5c9 uagb-forms-submit-message-hide\"><span>El formulario se ha enviado correctamente.<\/span><\/div><div class=\"uagb-forms-failed-message-18b3c5c9 uagb-forms-submit-message-hide\"><span>Se ha producido un error al enviar el formulario. Por favor, compruebe de nuevo todos los campos del formulario.<\/span><\/div><\/div>\n<\/div><\/div>","protected":false},"excerpt":{"rendered":"<p>My Journey info@alanali.com Building Telecom from ScratchAt Asiacell, I helped launch Iraq\u2019s first GSM network. I configured the first internet connection in Sulaymaniyah. We opened Iraq\u2019s first internet caf\u00e9 and printed its first prepaid internet cards. I established first contact with Huawei in 2003, helping Asiacell scale from 5,000 to 70,000 lines \u2014 a bold [&hellip;]<\/p>\n","protected":false},"author":1,"featured_media":0,"parent":0,"menu_order":0,"comment_status":"closed","ping_status":"closed","template":"","meta":{"_uag_custom_page_level_css":"","site-sidebar-layout":"no-sidebar","site-content-layout":"page-builder","ast-site-content-layout":"full-width-container","site-content-style":"unboxed","site-sidebar-style":"unboxed","ast-global-header-display":"","ast-banner-title-visibility":"","ast-main-header-display":"","ast-hfb-above-header-display":"","ast-hfb-below-header-display":"","ast-hfb-mobile-header-display":"","site-post-title":"disabled","ast-breadcrumbs-content":"","ast-featured-img":"disabled","footer-sml-layout":"","theme-transparent-header-meta":"enabled","adv-header-id-meta":"","stick-header-meta":"","header-above-stick-meta":"","header-main-stick-meta":"","header-below-stick-meta":"","astra-migrate-meta-layouts":"set","ast-page-background-enabled":"default","ast-page-background-meta":{"desktop":{"background-color":"","background-image":"","background-repeat":"repeat","background-position":"center center","background-size":"auto","background-attachment":"scroll","background-type":"","background-media":"","overlay-type":"","overlay-color":"","overlay-opacity":"","overlay-gradient":""},"tablet":{"background-color":"","background-image":"","background-repeat":"repeat","background-position":"center center","background-size":"auto","background-attachment":"scroll","background-type":"","background-media":"","overlay-type":"","overlay-color":"","overlay-opacity":"","overlay-gradient":""},"mobile":{"background-color":"","background-image":"","background-repeat":"repeat","background-position":"center center","background-size":"auto","background-attachment":"scroll","background-type":"","background-media":"","overlay-type":"","overlay-color":"","overlay-opacity":"","overlay-gradient":""}},"ast-content-background-meta":{"desktop":{"background-color":"var(--ast-global-color-5)","background-image":"","background-repeat":"repeat","background-position":"center center","background-size":"auto","background-attachment":"scroll","background-type":"","background-media":"","overlay-type":"","overlay-color":"","overlay-opacity":"","overlay-gradient":""},"tablet":{"background-color":"var(--ast-global-color-5)","background-image":"","background-repeat":"repeat","background-position":"center center","background-size":"auto","background-attachment":"scroll","background-type":"","background-media":"","overlay-type":"","overlay-color":"","overlay-opacity":"","overlay-gradient":""},"mobile":{"background-color":"var(--ast-global-color-5)","background-image":"","background-repeat":"repeat","background-position":"center center","background-size":"auto","background-attachment":"scroll","background-type":"","background-media":"","overlay-type":"","overlay-color":"","overlay-opacity":"","overlay-gradient":""}},"footnotes":""},"class_list":["post-1203","page","type-page","status-publish","hentry"],"uagb_featured_image_src":{"full":false,"thumbnail":false,"medium":false,"medium_large":false,"large":false,"1536x1536":false,"2048x2048":false,"trp-custom-language-flag":false},"uagb_author_info":{"display_name":"alanali","author_link":"https:\/\/alanali.com\/es\/author\/alanali\/"},"uagb_comment_info":0,"uagb_excerpt":"My Journey info@alanali.com Building Telecom from ScratchAt Asiacell, I helped launch Iraq\u2019s first GSM network. I configured the first internet connection in Sulaymaniyah. We opened Iraq\u2019s first internet caf\u00e9 and printed its first prepaid internet cards. I established first contact with Huawei in 2003, helping Asiacell scale from 5,000 to 70,000 lines \u2014 a bold&hellip;","_links":{"self":[{"href":"https:\/\/alanali.com\/es\/wp-json\/wp\/v2\/pages\/1203","targetHints":{"allow":["GET"]}}],"collection":[{"href":"https:\/\/alanali.com\/es\/wp-json\/wp\/v2\/pages"}],"about":[{"href":"https:\/\/alanali.com\/es\/wp-json\/wp\/v2\/types\/page"}],"author":[{"embeddable":true,"href":"https:\/\/alanali.com\/es\/wp-json\/wp\/v2\/users\/1"}],"replies":[{"embeddable":true,"href":"https:\/\/alanali.com\/es\/wp-json\/wp\/v2\/comments?post=1203"}],"version-history":[{"count":6,"href":"https:\/\/alanali.com\/es\/wp-json\/wp\/v2\/pages\/1203\/revisions"}],"predecessor-version":[{"id":2614,"href":"https:\/\/alanali.com\/es\/wp-json\/wp\/v2\/pages\/1203\/revisions\/2614"}],"wp:attachment":[{"href":"https:\/\/alanali.com\/es\/wp-json\/wp\/v2\/media?parent=1203"}],"curies":[{"name":"wp","href":"https:\/\/api.w.org\/{rel}","templated":true}]}}