{"id":1203,"date":"2025-05-11T10:39:11","date_gmt":"2025-05-11T10:39:11","guid":{"rendered":"http:\/\/212.95.33.166\/about\/"},"modified":"2025-05-17T16:20:48","modified_gmt":"2025-05-17T16:20:48","slug":"a-propos-de","status":"publish","type":"page","link":"https:\/\/alanali.com\/fr\/about\/","title":{"rendered":"Mon parcours"},"content":{"rendered":"<div class=\"wp-block-uagb-container uagb-block-6fbca592 alignfull uagb-is-root-container\"><div class=\"uagb-container-inner-blocks-wrap\">\n<div class=\"wp-block-uagb-advanced-heading uagb-block-ceaf28e8\"><h2 class=\"uagb-heading-text\">Mon parcours<\/h2><div class=\"uagb-separator\"><\/div><\/div>\n<\/div><\/div>\n\n\n\n<div class=\"wp-block-uagb-container uagb-block-5fe1efa9 alignfull uagb-is-root-container\"><div class=\"uagb-container-inner-blocks-wrap\">\n<div class=\"wp-block-uagb-container uagb-block-16c5453a\">\n<div class=\"wp-block-uagb-image alignleft uagb-block-49c8c1d8 wp-block-uagb-image--layout-default wp-block-uagb-image--effect-static wp-block-uagb-image--align-left\"><figure class=\"wp-block-uagb-image__figure\"><img decoding=\"async\" srcset=\"https:\/\/alanali.com\/wp-content\/uploads\/2025\/05\/Alan-Ali-Photo-Smile-658x1024.jpg ,https:\/\/alanali.com\/wp-content\/uploads\/2025\/05\/Alan-Ali-Photo-Smile-scaled.jpg 780w, https:\/\/alanali.com\/wp-content\/uploads\/2025\/05\/Alan-Ali-Photo-Smile-scaled.jpg 360w\" sizes=\"auto, (max-width: 480px) 150px\" src=\"https:\/\/alanali.com\/wp-content\/uploads\/2025\/05\/Alan-Ali-Photo-Smile-658x1024.jpg\" alt=\"\" class=\"uag-image-2608\" width=\"330\" height=\"480\" title=\"Alan Ali Photo Smile\" loading=\"lazy\" role=\"img\"\/><\/figure><\/div>\n<\/div>\n\n\n\n<div class=\"wp-block-uagb-container uagb-block-8a18a153\">\n<div class=\"wp-block-uagb-info-box uagb-block-fafa4063 uagb-infobox__content-wrap  uagb-infobox-icon-above-title uagb-infobox-image-valign-top\"><div class=\"uagb-ifb-content\"><div class=\"uagb-ifb-title-wrap\"><h5 class=\"uagb-ifb-title\">\"Nous commen\u00e7ons dans un monde que nous n'avons pas choisi, mais le voyage de la vie consiste \u00e0 d\u00e9passer notre pass\u00e9 et \u00e0 nous \u00e9veiller \u00e0 ce que nous pouvons devenir.<\/h5><\/div><div class=\"uagb-ifb-separator\"><\/div><p class=\"uagb-ifb-desc\">Je suis n\u00e9 \u00e0 Sulaymaniyah pendant une forte temp\u00eate de neige qui a bloqu\u00e9 les routes - le plus jeune d'une fratrie de neuf enfants dans une famille o\u00f9 la curiosit\u00e9 \u00e9tait notre langue maternelle. D\u00e8s mon plus jeune \u00e2ge, j'ai \u00e9t\u00e9 entour\u00e9e de d\u00e9bats philosophiques, d'\u00e9merveillements scientifiques et de l'attrait puissant des histoires, qu'elles soient parl\u00e9es ou v\u00e9cues. Mon parcours a commenc\u00e9 dans la difficult\u00e9, mais il a \u00e9t\u00e9 fa\u00e7onn\u00e9 par des d\u00e9couvertes incessantes.<br><strong>Un enfant curieux<br><\/strong>Quand j'\u00e9tais jeune, j'\u00e9tais plus int\u00e9ress\u00e9 par la compr\u00e9hension du fonctionnement du monde que par la m\u00e9morisation de manuels scolaires. En 9e ann\u00e9e, j'ai essay\u00e9 de cr\u00e9er mon propre th\u00e9or\u00e8me de g\u00e9om\u00e9trie - et mon professeur a cru que je l'avais fait. Mes notes n'ont jamais refl\u00e9t\u00e9 mon intelligence, mais mon imagination n'a jamais cess\u00e9. J'ai r\u00e9par\u00e9 des appareils \u00e9lectrom\u00e9nagers pendant mon adolescence, ma\u00eetrisant la soudure, les syst\u00e8mes de refroidissement et m\u00eame la conception des moteurs japonais. J'ai appris \u00e0 r\u00e9parer des t\u00e9l\u00e9viseurs, \u00e0 rec\u00e2bler des radios et \u00e0 programmer en BASIC sur un ordinateur Aquarius.<br><strong>Une vie fa\u00e7onn\u00e9e par des tournants<br><\/strong>Le soul\u00e8vement kurde de 1991 et la fuite de notre famille vers la fronti\u00e8re iranienne m'ont appris la valeur du savoir. Apr\u00e8s notre retour, je me suis consacr\u00e9 \u00e0 l'\u00e9ducation, non seulement pour apprendre, mais aussi pour \u00e9lever les gens. J'ai \u00e9tudi\u00e9 le g\u00e9nie m\u00e9canique, mais j'ai secr\u00e8tement appris l'informatique dans le laboratoire d'une autre universit\u00e9. Cette curiosit\u00e9 est devenue une vocation.<br><strong>Un pionnier de la technologie et des m\u00e9dias<br><\/strong>\u00c0 la fin des ann\u00e9es 1997, j'ai rejoint Khak TV sans titre, juste avec la conviction que les m\u00e9dias pouvaient \u00eatre plus intelligents et plus humains. Sous la direction de Mme Hero Ibrahim Ahmed, j'ai introduit la premi\u00e8re s\u00e9paration num\u00e9rique des couleurs de la r\u00e9gion en utilisant CorelDRAW. J'ai construit l'un des premiers r\u00e9seaux locaux d'Irak et lanc\u00e9 le t\u00e9l\u00e9texte et le programme de sous-titrage qui permettait aux gens d'envoyer des messages \u00e0 l'antenne - peut-\u00eatre l'une des premi\u00e8res formes de m\u00e9dias sociaux textuels par le biais de la radiodiffusion de masse. Les t\u00e9l\u00e9spectateurs ne se contentaient pas de consommer les m\u00e9dias, ils y participaient.<br>Plus tard, Kurdsat TV a \u00e9t\u00e9 fond\u00e9e dans l'une des salles de Khak TV et j'ai con\u00e7u son logo jonquille, devenu iconique, ainsi que la toute premi\u00e8re animation de l'\u00e9mission test. J'ai form\u00e9 le personnel, num\u00e9ris\u00e9 la production et introduit de nouveaux formats tels que les noms des pr\u00e9sentateurs de nouvelles et la lecture des nouvelles sans papier. Les effets d'entra\u00eenement ont fa\u00e7onn\u00e9 l'\u00e9volution des m\u00e9dias du Kurdistan.<br><\/p><\/div><\/div>\n\n\n\n<div class=\"wp-block-uagb-advanced-heading uagb-block-7df0c697\"><h6 class=\"uagb-heading-text\">info@alanali.com<\/h6><\/div>\n<\/div>\n\n\n\n<div class=\"wp-block-uagb-container uagb-block-797dc144\">\n<p><strong>Construire les t\u00e9l\u00e9coms \u00e0 partir de z\u00e9ro<br><\/strong>Chez Asiacell, j'ai particip\u00e9 au lancement du premier r\u00e9seau GSM d'Irak. J'ai configur\u00e9 la premi\u00e8re connexion internet \u00e0 Sulaymaniyah. Nous avons ouvert le premier cybercaf\u00e9 d'Irak et imprim\u00e9 les premi\u00e8res cartes internet pr\u00e9pay\u00e9es. J'ai \u00e9tabli mon premier contact avec Huawei en 2003, aidant Asiacell \u00e0 passer de 5 000 \u00e0 70 000 lignes - un saut audacieux qui a jet\u00e9 les bases d'une infrastructure de t\u00e9l\u00e9communications moderne.<br><strong>Entrepreneur, \u00e9ducateur, architecte du changement<br><\/strong>J'ai ensuite fond\u00e9 Dar Al Iraqiun et mis en place le premier syst\u00e8me \u00e9lectronique de distribution de bons d'achat en Irak. J'ai lanc\u00e9 le premier club d'art oratoire Toastmasters du pays. J'ai cr\u00e9\u00e9 Ava Media, une agence cr\u00e9ative transformatrice, leader en mati\u00e8re de SVA, de production de contenu et d'innovation.<br><strong>Un changement spirituel<br><\/strong>Le chapitre le plus transformateur de ma vie a commenc\u00e9 par un voyage en Inde, o\u00f9 j'ai rencontr\u00e9 mon ma\u00eetre spirituel, Guru Ji. Avec lui, j'ai trouv\u00e9 ce que j'avais toujours cherch\u00e9 : la v\u00e9rit\u00e9, la clart\u00e9 int\u00e9rieure et le courage d'aligner ma vie sur le service. Mes crises de panique se sont estomp\u00e9es. Mon c\u0153ur s'est ouvert. J'ai commenc\u00e9 \u00e0 voir le monde - et moi-m\u00eame - diff\u00e9remment.<br>Aujourd'hui, je vis pour susciter le changement - par le leadership, le mentorat, l'\u00e9ducation et le pouvoir tranquille de l'exemple v\u00e9cu. Ce n'est pas la fin de mon histoire. Ce n'est que le milieu.<\/p>\n\n\n\n<div class=\"wp-block-uagb-info-box uagb-block-4681c401 uagb-infobox__content-wrap  uagb-infobox-icon-above-title uagb-infobox-image-valign-top\"><div class=\"uagb-ifb-content\"><div class=\"uagb-ifb-title-wrap\"><h5 class=\"uagb-ifb-title\"><br>Faits marquants de mon parcours<\/h5><\/div><div class=\"uagb-ifb-separator\"><\/div><p class=\"uagb-ifb-desc\">\ud83c\udf10 Premi\u00e8re connexion internet \u00e0 Sulaymaniyah (1998)<br>\ud83d\udcbb Construction du premier caf\u00e9 Internet d'Irak et introduction de cartes Internet pr\u00e9pay\u00e9es<br>Cr\u00e9ation du premier programme d'interaction avec les t\u00e9l\u00e9spectateurs de type t\u00e9l\u00e9texte en Irak (Khak TV).<br>\ud83d\udda5 Impression num\u00e9ris\u00e9e pour Khak Magazine \u00e0 l'aide de CorelDRAW - une premi\u00e8re nationale<br>\ud83e\uddd1\u200d\ud83c\udfeb Lancement du premier club d'art oratoire Toastmasters d'Irak<br>\ud83d\udcf1 Aide au d\u00e9ploiement du premier r\u00e9seau GSM d'Irak (Asiacell)<br>\ud83c\udfa8 Conception du logo de Kurdsat TV, devenu un symbole m\u00e9diatique embl\u00e9matique<br>\ud83c\udf93 La premi\u00e8re cohorte de MBA de l'AUIS a \u00e9t\u00e9 compl\u00e9t\u00e9e<br>\ud83c\udf1f Il est devenu un ancien \u00e9l\u00e8ve de la Harvard Business School (PLD9, AMP)<br>\ud83e\udd1d Cr\u00e9ation de Dar Al Iraqiun, introduisant le premier syst\u00e8me EVD d'Irak<br>\ud83d\udce2 Cr\u00e9ation de SPARK, une initiative pour la jeunesse qui allie la sagesse ancestrale \u00e0 l'\u00e9ducation moderne<br>\ud83d\udcda Des dizaines d'acteurs du changement ont \u00e9t\u00e9 encadr\u00e9s et des s\u00e9minaires ont \u00e9t\u00e9 organis\u00e9s en Irak et ailleurs.<\/p><\/div><\/div>\n\n\n\n<div class=\"wp-block-uagb-social-share uagb-social-share__outer-wrap uagb-social-share__layout-horizontal uagb-block-71947d21\">\n<div class=\"wp-block-uagb-social-share-child uagb-ss-repeater uagb-ss__wrapper uagb-block-a30b3f39\"><span class=\"uagb-ss__link\" data-href=\"https:\/\/www.linkedin.com\/shareArticle?url=\" tabindex=\"0\" role=\"button\" aria-label=\"linkedin\"><span class=\"uagb-ss__source-wrap\"><span class=\"uagb-ss__source-icon\"><svg xmlns=\"https:\/\/www.w3.org\/2000\/svg\" viewbox=\"0 0 448 512\"><path d=\"M416 32H31.9C14.3 32 0 46.5 0 64.3v383.4C0 465.5 14.3 480 31.9 480H416c17.6 0 32-14.5 32-32.3V64.3c0-17.8-14.4-32.3-32-32.3zM135.4 416H69V202.2h66.5V416zm-33.2-243c-21.3 0-38.5-17.3-38.5-38.5S80.9 96 102.2 96c21.2 0 38.5 17.3 38.5 38.5 0 21.3-17.2 38.5-38.5 38.5zm282.1 243h-66.4V312c0-24.8-.5-56.7-34.5-56.7-34.6 0-39.9 27-39.9 54.9V416h-66.4V202.2h63.7v29.2h.9c8.9-16.8 30.6-34.5 62.9-34.5 67.2 0 79.7 44.3 79.7 101.9V416z\"><\/path><\/svg><\/span><\/span><\/span><\/div>\n\n\n\n<div class=\"wp-block-uagb-social-share-child uagb-ss-repeater uagb-ss__wrapper uagb-block-a334dda5\"><span class=\"uagb-ss__link\" data-href=\"https:\/\/www.facebook.com\/sharer.php?u=\" tabindex=\"0\" role=\"button\" aria-label=\"facebook\"><span class=\"uagb-ss__source-wrap\"><span class=\"uagb-ss__source-icon\"><svg xmlns=\"https:\/\/www.w3.org\/2000\/svg\" viewbox=\"0 0 512 512\"><path d=\"M504 256C504 119 393 8 256 8S8 119 8 256c0 123.8 90.69 226.4 209.3 245V327.7h-63V256h63v-54.64c0-62.15 37-96.48 93.67-96.48 27.14 0 55.52 4.84 55.52 4.84v61h-31.28c-30.8 0-40.41 19.12-40.41 38.73V256h68.78l-11 71.69h-57.78V501C413.3 482.4 504 379.8 504 256z\"><\/path><\/svg><\/span><\/span><\/span><\/div>\n\n\n\n<div class=\"wp-block-uagb-social-share-child uagb-ss-repeater uagb-ss__wrapper uagb-block-b4fb9c07\"><span class=\"uagb-ss__link\" data-href=\"https:\/\/twitter.com\/share?url=\" tabindex=\"0\" role=\"button\" aria-label=\"twitter\"><span class=\"uagb-ss__source-wrap\"><span class=\"uagb-ss__source-icon\"><svg xmlns=\"https:\/\/www.w3.org\/2000\/svg\" viewbox=\"0 0 512 512\"><path d=\"M389.2 48h70.6L305.6 224.2 487 464H345L233.7 318.6 106.5 464H35.8L200.7 275.5 26.8 48H172.4L272.9 180.9 389.2 48zM364.4 421.8h39.1L151.1 88h-42L364.4 421.8z\"><\/path><\/svg><\/span><\/span><\/span><\/div>\n\n\n\n<div class=\"wp-block-uagb-social-share-child uagb-ss-repeater uagb-ss__wrapper uagb-block-00dafc20\"><span class=\"uagb-ss__link\" data-href=\"https:\/\/pinterest.com\/pin\/create\/link\/?url=\" tabindex=\"0\" role=\"button\" aria-label=\"pinterest\"><span class=\"uagb-ss__source-wrap\"><\/span><\/span><\/div>\n<\/div>\n<\/div>\n<\/div><\/div>\n\n\n\n<p><\/p>\n\n\n\n<div class=\"wp-block-uagb-container uagb-block-496163b7 alignfull uagb-is-root-container\"><div class=\"uagb-container-inner-blocks-wrap\">\n<div class=\"wp-block-uagb-info-box uagb-block-3fe81058 uagb-infobox__content-wrap  uagb-infobox-icon-above-title uagb-infobox-image-valign-top\"><div class=\"uagb-ifb-content\"><div class=\"uagb-ifb-title-wrap\"><h3 class=\"uagb-ifb-title\">R\u00e9flexions de ceux avec qui j'ai construit<\/h3><\/div><p class=\"uagb-ifb-desc\">\"L'impact survit aux titres de poste ; l'h\u00e9ritage est inscrit dans la confiance.<br>Ce sont les voix de mentors, de collaborateurs et de pionniers - des personnes avec lesquelles j'ai eu l'honneur de construire et qui m'ont fa\u00e7onn\u00e9 - \u00e0 travers les industries, les fronti\u00e8res et les \u00e9poques de transformation.<br><\/p><div class=\"uagb-ifb-separator\"><\/div><\/div><\/div>\n\n\n\n<div class=\"wp-block-uagb-container uagb-block-d019377b alignfull uagb-is-root-container\"><div class=\"uagb-container-inner-blocks-wrap\">\n<div class=\"wp-block-uagb-container uagb-block-f48d2b0c\">      \n\t\t\t<div class=\"uagb-icon-wrapper uagb-block-60c5f9a2\"\n\t\t\tstyle=\"\" >\n\t\t\t\t\t\t\t\t\t<span class=\"uagb-svg-wrapper\" \n\t\t\t\t\t aria-label=\"citation-gauche\"\t\t\t\t\ttabindex=\"0\">\t\t\n\t\t\t\t\t\t\t\t\t\t<svg xmlns=\"https:\/\/www.w3.org\/2000\/svg\" viewbox= \"0 0 448 512\" role=\"graphics-symbol\" aria-hidden=\"false\" aria-label=\"\"><path d=\"M96 224C84.72 224 74.05 226.3 64 229.9V224c0-35.3 28.7-64 64-64c17.67 0 32-14.33 32-32S145.7 96 128 96C57.42 96 0 153.4 0 224v96c0 53.02 42.98 96 96 96s96-42.98 96-96S149 224 96 224zM352 224c-11.28 0-21.95 2.305-32 5.879V224c0-35.3 28.7-64 64-64c17.67 0 32-14.33 32-32s-14.33-32-32-32c-70.58 0-128 57.42-128 128v96c0 53.02 42.98 96 96 96s96-42.98 96-96S405 224 352 224z\"><\/path><\/svg>\n\t\t\t\t\t\t\t\t\t<\/span>\n\t\t\t\t\t\t\t<\/div>\n\t\t\t\n\n\n<div class=\"wp-block-uagb-info-box uagb-block-295ea2eb uagb-infobox__content-wrap  uagb-infobox-icon-above-title uagb-infobox-image-valign-top\"><div class=\"uagb-ifb-content\"><div class=\"uagb-ifb-image-content\"><img decoding=\"async\" src=\"https:\/\/alanali.com\/wp-content\/uploads\/2025\/05\/Rabea-JPG.jpg\" alt=\"\" width=\"60\" height=\"60\" loading=\"lazy\"\/><\/div><div class=\"uagb-ifb-title-wrap\"><p class=\"uagb-ifb-title-prefix\">J'ai eu le plaisir de travailler avec Alan au Kurdistan\/Irak, en particulier dans le domaine de l'art oratoire. Alan est l'un de ces leaders qui combinent plusieurs talents et qui lui ont permis de devenir un leader sp\u00e9cial dans sa communaut\u00e9 : des comp\u00e9tences \u00e9tonnantes incluant, mais sans s'y limiter, le leadership, les relations, la comp\u00e9tence, la vision, l'esprit d'entreprise. Alan a abord\u00e9 la technologie d'un point de vue social, contribuant ainsi grandement au d\u00e9veloppement de son pays. Je recommande vivement Alan \u00e0 toute organisation locale ou internationale.<\/p><div class=\"uagb-ifb-separator\"><\/div><p class=\"uagb-ifb-title\"><strong>Dr. Rabee Fares<br><\/strong>Coach ex\u00e9cutif et conseiller en leadership, fondateur de l'IBEE<\/p><\/div><\/div><\/div>\n<\/div>\n\n\n\n<div class=\"wp-block-uagb-container uagb-block-ce30c46f\">      \n\t\t\t<div class=\"uagb-icon-wrapper uagb-block-21687caf\"\n\t\t\tstyle=\"\" >\n\t\t\t\t\t\t\t\t\t<span class=\"uagb-svg-wrapper\" \n\t\t\t\t\t aria-label=\"citation-gauche\"\t\t\t\t\ttabindex=\"0\">\t\t\n\t\t\t\t\t\t\t\t\t\t<svg xmlns=\"https:\/\/www.w3.org\/2000\/svg\" viewbox= \"0 0 448 512\" role=\"graphics-symbol\" aria-hidden=\"false\" aria-label=\"\"><path d=\"M96 224C84.72 224 74.05 226.3 64 229.9V224c0-35.3 28.7-64 64-64c17.67 0 32-14.33 32-32S145.7 96 128 96C57.42 96 0 153.4 0 224v96c0 53.02 42.98 96 96 96s96-42.98 96-96S149 224 96 224zM352 224c-11.28 0-21.95 2.305-32 5.879V224c0-35.3 28.7-64 64-64c17.67 0 32-14.33 32-32s-14.33-32-32-32c-70.58 0-128 57.42-128 128v96c0 53.02 42.98 96 96 96s96-42.98 96-96S405 224 352 224z\"><\/path><\/svg>\n\t\t\t\t\t\t\t\t\t<\/span>\n\t\t\t\t\t\t\t<\/div>\n\t\t\t\n\n\n<div class=\"wp-block-uagb-info-box uagb-block-0b696f45 uagb-infobox__content-wrap  uagb-infobox-icon-above-title uagb-infobox-image-valign-top\"><div class=\"uagb-ifb-content\"><div class=\"uagb-ifb-image-content\"><img decoding=\"async\" src=\"https:\/\/alanali.com\/wp-content\/uploads\/2025\/05\/Phil.png\" alt=\"\" width=\"60\" height=\"59\" loading=\"lazy\"\/><\/div><div class=\"uagb-ifb-title-wrap\"><p class=\"uagb-ifb-title-prefix\">Alan Ali a travaill\u00e9 pour moi en tant que directeur des op\u00e9rations pour l'op\u00e9rateur GSM Asiacell en Irak lorsque j'\u00e9tais directeur technique dans cette organisation en 2004\/2005. Alan \u00e9tait un ing\u00e9nieur et un directeur d\u00e9vou\u00e9 et travailleur qui a su gagner le respect de ses subordonn\u00e9s, de ses sup\u00e9rieurs et de ses pairs dans le cadre de ses fonctions. Alan a fait preuve d'une sagesse et d'un bon sens inhabituels pour son poste.<br>Alan a une connaissance approfondie de la technologie et de l'environnement irakien et a fourni un service tr\u00e8s pr\u00e9cieux \u00e0 l'entreprise. En outre, Alan entretient de bonnes relations avec les fournisseurs de t\u00e9l\u00e9communications qui mettent leur infrastructure \u00e0 la disposition d'Asiacell.<br>Je n'ai aucun probl\u00e8me \u00e0 recommander Alan pour tout poste similaire dans l'industrie des t\u00e9l\u00e9communications.<\/p><div class=\"uagb-ifb-separator\"><\/div><p class=\"uagb-ifb-title\"><strong>Phil Moyse<br><\/strong><em>Ancien directeur technique, Asiacell | Cadre des t\u00e9l\u00e9communications<\/em><\/p><\/div><\/div><\/div>\n<\/div>\n\n\n\n<div class=\"wp-block-uagb-container uagb-block-6509a9ea\">      \n\t\t\t<div class=\"uagb-icon-wrapper uagb-block-25b3fcde\"\n\t\t\tstyle=\"\" >\n\t\t\t\t\t\t\t\t\t<span class=\"uagb-svg-wrapper\" \n\t\t\t\t\t aria-label=\"citation-gauche\"\t\t\t\t\ttabindex=\"0\">\t\t\n\t\t\t\t\t\t\t\t\t\t<svg xmlns=\"https:\/\/www.w3.org\/2000\/svg\" viewbox= \"0 0 448 512\" role=\"graphics-symbol\" aria-hidden=\"false\" aria-label=\"\"><path d=\"M96 224C84.72 224 74.05 226.3 64 229.9V224c0-35.3 28.7-64 64-64c17.67 0 32-14.33 32-32S145.7 96 128 96C57.42 96 0 153.4 0 224v96c0 53.02 42.98 96 96 96s96-42.98 96-96S149 224 96 224zM352 224c-11.28 0-21.95 2.305-32 5.879V224c0-35.3 28.7-64 64-64c17.67 0 32-14.33 32-32s-14.33-32-32-32c-70.58 0-128 57.42-128 128v96c0 53.02 42.98 96 96 96s96-42.98 96-96S405 224 352 224z\"><\/path><\/svg>\n\t\t\t\t\t\t\t\t\t<\/span>\n\t\t\t\t\t\t\t<\/div>\n\t\t\t\n\n\n<div class=\"wp-block-uagb-info-box uagb-block-3cc6e56d uagb-infobox__content-wrap  uagb-infobox-icon-above-title uagb-infobox-image-valign-top\"><div class=\"uagb-ifb-content\"><div class=\"uagb-ifb-image-content\"><img decoding=\"async\" src=\"https:\/\/alanali.com\/wp-content\/uploads\/2021\/02\/male-1.jpg\" alt=\"\" width=\"60\" height=\"60\" loading=\"lazy\"\/><\/div><div class=\"uagb-ifb-title-wrap\"><p class=\"uagb-ifb-title-prefix\">M. Alan Ali a une personnalit\u00e9 d'entrepreneur et est toujours \u00e0 la recherche de nouveaux d\u00e9fis dans le domaine des affaires et des technologies de t\u00e9l\u00e9communication ; c'est une joie de travailler et de relever de nouveaux d\u00e9fis avec lui. Travailler avec lui est une exp\u00e9rience passionnante, car vous aurez l'impression de travailler avec un ami plut\u00f4t qu'avec un directeur ou un cadre, et il vous aidera en mettant \u00e0 profit ses connaissances et ses capacit\u00e9s. C'est une personne perspicace, comme en t\u00e9moigne sa fa\u00e7on calme et s\u00e9rieuse de g\u00e9rer et de diriger les t\u00e2ches. J'ai travaill\u00e9 avec lui au cours de mes premi\u00e8res ann\u00e9es dans le secteur Telco, et ce sera un honneur de travailler \u00e0 nouveau avec lui.<\/p><div class=\"uagb-ifb-separator\"><\/div><p class=\"uagb-ifb-title\"><strong>Muhammad Tawfiq<br><\/strong><em>Responsable informatique et commercial exp\u00e9riment\u00e9 - Expert PMP et ITIL<\/em><\/p><\/div><\/div><\/div>\n<\/div>\n<\/div><\/div>\n<\/div><\/div>\n\n\n\n<div class=\"wp-block-uagb-container uagb-block-802ea240 alignfull uagb-is-root-container\"><div class=\"uagb-container-inner-blocks-wrap\">\n<div class=\"wp-block-uagb-info-box uagb-block-b5501270 uagb-infobox__content-wrap  uagb-infobox-icon-above-title uagb-infobox-image-valign-top\"><div class=\"uagb-ifb-content\"><div class=\"uagb-ifb-title-wrap\"><h3 class=\"uagb-ifb-title\">Rester en contact<\/h3><\/div><p class=\"uagb-ifb-desc\">Restons connect\u00e9s<br>Si vous souhaitez collaborer, en savoir plus sur SPARK, ou simplement entrer en contact, je vous invite \u00e0 avoir des conversations constructives.<br>\ud83d\udce7 info@alanali.com<\/p><div class=\"uagb-ifb-separator\"><\/div><\/div><\/div>\n\n\n\n<div class=\"wp-block-uagb-forms uagb-forms__outer-wrap uagb-block-18b3c5c9 uagb-forms__medium-btn uagb-forms-inline-field uagb-forms-button-desk-width-0 uagb-forms-column-gap-5 uagb-forms-button-tablet-width-45 uagb-forms-button-mobile-width-100\"><form class=\"uagb-forms-main-form\" method=\"post\" autocomplete=\"on\" name=\"uagb-form-18b3c5c9\" action=\"\">\n<div class=\"wp-block-uagb-forms-email uagb-forms-email-wrap uagb-forms-field-set uagb-block-f43f63e4 uagb-forms-field-desk-width-75 uagb-forms-field-tablet-width-60 uagb-forms-field-mobile-width-100\"><div class=\"uagb-forms-email-label required uagb-forms-input-label\" id=\"f43f63e4\">Courriel<\/div><input type=\"email\" class=\"uagb-forms-email-input uagb-forms-input\" placeholder=\"Saisir l&#039;adresse \u00e9lectronique\" required name=\"f43f63e4\" autocomplete=\"email\"\/><\/div>\n<div class=\"uagb-forms-form-hidden-data\"><input type=\"hidden\" class=\"uagb_forms_form_label\" value=\"Spectra Form\"\/><input type=\"hidden\" class=\"uagb_forms_form_id\" value=\"uagb-form-18b3c5c9\"\/><\/div><div class=\"uagb-form-reacaptcha-error-18b3c5c9\"><\/div><div class=\"uagb-forms-main-submit-button-wrap wp-block-button\"><button class=\"uagb-forms-main-submit-button wp-block-button__link\"><div class=\"uagb-forms-main-submit-button-text\">S'abonner<\/div><\/button><\/div><input type=\"hidden\" name=\"trp-form-language\" value=\"fr\"\/><\/form><div class=\"uagb-forms-success-message-18b3c5c9 uagb-forms-submit-message-hide\"><span>Le formulaire a \u00e9t\u00e9 soumis avec succ\u00e8s !<\/span><\/div><div class=\"uagb-forms-failed-message-18b3c5c9 uagb-forms-submit-message-hide\"><span>Une erreur s'est produite lors de l'envoi du formulaire. Veuillez v\u00e9rifier \u00e0 nouveau tous les champs du formulaire.<\/span><\/div><\/div>\n<\/div><\/div>","protected":false},"excerpt":{"rendered":"<p>My Journey info@alanali.com Building Telecom from ScratchAt Asiacell, I helped launch Iraq\u2019s first GSM network. I configured the first internet connection in Sulaymaniyah. We opened Iraq\u2019s first internet caf\u00e9 and printed its first prepaid internet cards. I established first contact with Huawei in 2003, helping Asiacell scale from 5,000 to 70,000 lines \u2014 a bold [&hellip;]<\/p>\n","protected":false},"author":1,"featured_media":0,"parent":0,"menu_order":0,"comment_status":"closed","ping_status":"closed","template":"","meta":{"_uag_custom_page_level_css":"","site-sidebar-layout":"no-sidebar","site-content-layout":"page-builder","ast-site-content-layout":"full-width-container","site-content-style":"unboxed","site-sidebar-style":"unboxed","ast-global-header-display":"","ast-banner-title-visibility":"","ast-main-header-display":"","ast-hfb-above-header-display":"","ast-hfb-below-header-display":"","ast-hfb-mobile-header-display":"","site-post-title":"disabled","ast-breadcrumbs-content":"","ast-featured-img":"disabled","footer-sml-layout":"","theme-transparent-header-meta":"enabled","adv-header-id-meta":"","stick-header-meta":"","header-above-stick-meta":"","header-main-stick-meta":"","header-below-stick-meta":"","astra-migrate-meta-layouts":"set","ast-page-background-enabled":"default","ast-page-background-meta":{"desktop":{"background-color":"","background-image":"","background-repeat":"repeat","background-position":"center center","background-size":"auto","background-attachment":"scroll","background-type":"","background-media":"","overlay-type":"","overlay-color":"","overlay-opacity":"","overlay-gradient":""},"tablet":{"background-color":"","background-image":"","background-repeat":"repeat","background-position":"center center","background-size":"auto","background-attachment":"scroll","background-type":"","background-media":"","overlay-type":"","overlay-color":"","overlay-opacity":"","overlay-gradient":""},"mobile":{"background-color":"","background-image":"","background-repeat":"repeat","background-position":"center center","background-size":"auto","background-attachment":"scroll","background-type":"","background-media":"","overlay-type":"","overlay-color":"","overlay-opacity":"","overlay-gradient":""}},"ast-content-background-meta":{"desktop":{"background-color":"var(--ast-global-color-5)","background-image":"","background-repeat":"repeat","background-position":"center center","background-size":"auto","background-attachment":"scroll","background-type":"","background-media":"","overlay-type":"","overlay-color":"","overlay-opacity":"","overlay-gradient":""},"tablet":{"background-color":"var(--ast-global-color-5)","background-image":"","background-repeat":"repeat","background-position":"center center","background-size":"auto","background-attachment":"scroll","background-type":"","background-media":"","overlay-type":"","overlay-color":"","overlay-opacity":"","overlay-gradient":""},"mobile":{"background-color":"var(--ast-global-color-5)","background-image":"","background-repeat":"repeat","background-position":"center center","background-size":"auto","background-attachment":"scroll","background-type":"","background-media":"","overlay-type":"","overlay-color":"","overlay-opacity":"","overlay-gradient":""}},"footnotes":""},"class_list":["post-1203","page","type-page","status-publish","hentry"],"uagb_featured_image_src":{"full":false,"thumbnail":false,"medium":false,"medium_large":false,"large":false,"1536x1536":false,"2048x2048":false,"trp-custom-language-flag":false},"uagb_author_info":{"display_name":"alanali","author_link":"https:\/\/alanali.com\/fr\/author\/alanali\/"},"uagb_comment_info":0,"uagb_excerpt":"My Journey info@alanali.com Building Telecom from ScratchAt Asiacell, I helped launch Iraq\u2019s first GSM network. I configured the first internet connection in Sulaymaniyah. We opened Iraq\u2019s first internet caf\u00e9 and printed its first prepaid internet cards. I established first contact with Huawei in 2003, helping Asiacell scale from 5,000 to 70,000 lines \u2014 a bold\u2026","_links":{"self":[{"href":"https:\/\/alanali.com\/fr\/wp-json\/wp\/v2\/pages\/1203","targetHints":{"allow":["GET"]}}],"collection":[{"href":"https:\/\/alanali.com\/fr\/wp-json\/wp\/v2\/pages"}],"about":[{"href":"https:\/\/alanali.com\/fr\/wp-json\/wp\/v2\/types\/page"}],"author":[{"embeddable":true,"href":"https:\/\/alanali.com\/fr\/wp-json\/wp\/v2\/users\/1"}],"replies":[{"embeddable":true,"href":"https:\/\/alanali.com\/fr\/wp-json\/wp\/v2\/comments?post=1203"}],"version-history":[{"count":6,"href":"https:\/\/alanali.com\/fr\/wp-json\/wp\/v2\/pages\/1203\/revisions"}],"predecessor-version":[{"id":2614,"href":"https:\/\/alanali.com\/fr\/wp-json\/wp\/v2\/pages\/1203\/revisions\/2614"}],"wp:attachment":[{"href":"https:\/\/alanali.com\/fr\/wp-json\/wp\/v2\/media?parent=1203"}],"curies":[{"name":"wp","href":"https:\/\/api.w.org\/{rel}","templated":true}]}}