{"id":2683,"date":"2025-05-26T15:30:35","date_gmt":"2025-05-26T15:30:35","guid":{"rendered":"https:\/\/alanali.com\/?page_id=2683"},"modified":"2025-05-26T16:50:41","modified_gmt":"2025-05-26T16:50:41","slug":"faites-naitre-votre-voyage","status":"publish","type":"page","link":"https:\/\/alanali.com\/fr\/spark-your-journey\/","title":{"rendered":"Spark Your Journey (en anglais)"},"content":{"rendered":"<p>Commencez votre voyage vers la clart\u00e9, la compr\u00e9hension et la transformation. Vous trouverez ici des outils et des plateformes con\u00e7us pour vous aider \u00e0 d\u00e9couvrir votre potentiel, \u00e0 aligner votre objectif et \u00e0 prendre des mesures significatives.<\/p>\n\n\n\n<div class=\"wp-block-columns is-layout-flex wp-container-core-columns-is-layout-28f84493 wp-block-columns-is-layout-flex\">\n<div class=\"wp-block-column is-layout-flow wp-block-column-is-layout-flow\">\n<h4 class=\"wp-block-heading\">Plate-forme d'enqu\u00eate SPARK<\/h4>\n\n\n\n<p>Un syst\u00e8me d'enqu\u00eate s\u00e9curis\u00e9 et de grande capacit\u00e9, h\u00e9berg\u00e9 sur notre propre serveur, offert gratuitement aux chercheurs, \u00e9ducateurs et institutions agr\u00e9\u00e9s.<\/p>\n<p>Contrairement aux outils commerciaux qui limitent les fonctionnalit\u00e9s ou facturent par r\u00e9ponse, SPARK Survey vous donne un contr\u00f4le total sur la conception de l'enqu\u00eate, la confidentialit\u00e9 des donn\u00e9es et les r\u00e9sultats - id\u00e9al pour les \u00e9tudes acad\u00e9miques, sociales ou de march\u00e9.<\/p>\n<p>Si vous menez des recherches importantes et que vous avez besoin d'une plateforme puissante sans les co\u00fbts habituels, nous serions heureux de vous aider.<strong>Contactez-nous pour demander l'acc\u00e8s.<\/strong><\/p>\n<\/div>\n\n\n\n<div class=\"wp-block-column is-layout-flow wp-block-column-is-layout-flow\">\n<h4 class=\"wp-block-heading\">Plate-forme d'apprentissage Canvas<\/h4>\n\n\n\n<p data-start=\"322\" data-end=\"462\">Notre instance Canvas personnalis\u00e9e permet des exp\u00e9riences d'apprentissage structur\u00e9es et flexibles pour les \u00e9tudiants, les professionnels et les organisations.<\/p>\n<p data-start=\"464\" data-end=\"741\">Con\u00e7ue pour accueillir des programmes de leadership, des cours interactifs et des contenus de d\u00e9veloppement personnel, cette plateforme associe une p\u00e9dagogie moderne \u00e0 une vision intemporelle. Les participants peuvent acc\u00e9der aux modules, soumettre des r\u00e9flexions, suivre leurs progr\u00e8s et s'engager dans un environnement s\u00e9curis\u00e9 et sans distraction.<\/p>\n<p data-start=\"743\" data-end=\"834\">Si vous avez \u00e9t\u00e9 invit\u00e9 \u00e0 un cours ou \u00e0 un \u00e9v\u00e9nement h\u00e9berg\u00e9 sur Canvas, utilisez le lien ci-dessous pour vous connecter.<\/p>\n<\/div>\n\n\n\n<div class=\"wp-block-column is-layout-flow wp-block-column-is-layout-flow\">\n<h4 class=\"wp-block-heading\">En cours de d\u00e9veloppement : Plate-forme psychom\u00e9trique locale<\/h4>\n\n\n\n<p>Nous construisons un outil d'\u00e9valuation psychom\u00e9trique h\u00e9berg\u00e9 localement et respectueux de la vie priv\u00e9e, con\u00e7u pour aider les individus et les \u00e9quipes \u00e0 mieux comprendre leur personnalit\u00e9, leur style cognitif et leurs sch\u00e9mas comportementaux.<\/p>\n<p>Contrairement aux quiz g\u00e9n\u00e9riques en ligne, cette plateforme offrira des \u00e9valuations culturellement sensibles, fond\u00e9es sur des bases acad\u00e9miques, avec une propri\u00e9t\u00e9 totale des donn\u00e9es et sans suivi externe. Id\u00e9ale pour le coaching, le d\u00e9veloppement du leadership et les voyages de connaissance de soi.<\/p>\n<p><strong>Si vous \u00eates int\u00e9ress\u00e9 par un acc\u00e8s anticip\u00e9 ou une collaboration, n'h\u00e9sitez pas \u00e0 nous contacter.<\/strong><\/p>\n<\/div>\n<\/div>\n\n\n\n<div class=\"wp-block-columns is-layout-flex wp-container-core-columns-is-layout-28f84493 wp-block-columns-is-layout-flex\">\n<div class=\"wp-block-column is-layout-flow wp-block-column-is-layout-flow\">\n<div class=\"wp-block-buttons is-layout-flex wp-block-buttons-is-layout-flex\">\n<div class=\"wp-block-button has-custom-width wp-block-button__width-100\"><a class=\"wp-block-button__link wp-element-button\" href=\"https:\/\/alanali.com\/fr\/contact\/\">Demande d'acc\u00e8s \u2192<\/a><\/div>\n<\/div>\n<\/div>\n\n\n\n<div class=\"wp-block-column is-layout-flow wp-block-column-is-layout-flow\">\n<div class=\"wp-block-buttons is-layout-flex wp-block-buttons-is-layout-flex\">\n<div class=\"wp-block-button has-custom-width wp-block-button__width-100\"><a class=\"wp-block-button__link wp-element-button\" href=\"https:\/\/canvas.alanali.com\"><code>Acc\u00e8s \u00e0 Canvas \u2192<\/code><\/a><\/div>\n<\/div>\n<\/div>\n\n\n\n<div class=\"wp-block-column is-layout-flow wp-block-column-is-layout-flow\">\n<div class=\"wp-block-buttons is-layout-flex wp-block-buttons-is-layout-flex\">\n<div class=\"wp-block-button has-custom-width wp-block-button__width-100\"><a class=\"wp-block-button__link wp-element-button\">Bient\u00f4t disponible<\/a><\/div>\n<\/div>\n<\/div>\n<\/div>","protected":false},"excerpt":{"rendered":"<p>Begin your journey of clarity, insight, and transformation. Here you&#8217;ll find tools and platforms designed to help you uncover your potential, align your purpose, and take meaningful action. SPARK Survey Platform A secure, high-capacity survey system hosted on our own server \u2014 offered free of charge to approved researchers, educators, and institutions. Unlike commercial tools [&hellip;]<\/p>\n","protected":false},"author":1,"featured_media":0,"parent":0,"menu_order":0,"comment_status":"closed","ping_status":"closed","template":"","meta":{"_uag_custom_page_level_css":"","site-sidebar-layout":"default","site-content-layout":"","ast-site-content-layout":"default","site-content-style":"default","site-sidebar-style":"default","ast-global-header-display":"","ast-banner-title-visibility":"","ast-main-header-display":"","ast-hfb-above-header-display":"","ast-hfb-below-header-display":"","ast-hfb-mobile-header-display":"","site-post-title":"","ast-breadcrumbs-content":"","ast-featured-img":"","footer-sml-layout":"","theme-transparent-header-meta":"","adv-header-id-meta":"","stick-header-meta":"","header-above-stick-meta":"","header-main-stick-meta":"","header-below-stick-meta":"","astra-migrate-meta-layouts":"set","ast-page-background-enabled":"default","ast-page-background-meta":{"desktop":{"background-color":"","background-image":"","background-repeat":"repeat","background-position":"center center","background-size":"auto","background-attachment":"scroll","background-type":"","background-media":"","overlay-type":"","overlay-color":"","overlay-opacity":"","overlay-gradient":""},"tablet":{"background-color":"","background-image":"","background-repeat":"repeat","background-position":"center center","background-size":"auto","background-attachment":"scroll","background-type":"","background-media":"","overlay-type":"","overlay-color":"","overlay-opacity":"","overlay-gradient":""},"mobile":{"background-color":"","background-image":"","background-repeat":"repeat","background-position":"center center","background-size":"auto","background-attachment":"scroll","background-type":"","background-media":"","overlay-type":"","overlay-color":"","overlay-opacity":"","overlay-gradient":""}},"ast-content-background-meta":{"desktop":{"background-color":"var(--ast-global-color-5)","background-image":"","background-repeat":"repeat","background-position":"center center","background-size":"auto","background-attachment":"scroll","background-type":"","background-media":"","overlay-type":"","overlay-color":"","overlay-opacity":"","overlay-gradient":""},"tablet":{"background-color":"var(--ast-global-color-5)","background-image":"","background-repeat":"repeat","background-position":"center center","background-size":"auto","background-attachment":"scroll","background-type":"","background-media":"","overlay-type":"","overlay-color":"","overlay-opacity":"","overlay-gradient":""},"mobile":{"background-color":"var(--ast-global-color-5)","background-image":"","background-repeat":"repeat","background-position":"center center","background-size":"auto","background-attachment":"scroll","background-type":"","background-media":"","overlay-type":"","overlay-color":"","overlay-opacity":"","overlay-gradient":""}},"footnotes":""},"class_list":["post-2683","page","type-page","status-publish","hentry"],"uagb_featured_image_src":{"full":false,"thumbnail":false,"medium":false,"medium_large":false,"large":false,"1536x1536":false,"2048x2048":false,"trp-custom-language-flag":false},"uagb_author_info":{"display_name":"alanali","author_link":"https:\/\/alanali.com\/fr\/author\/alanali\/"},"uagb_comment_info":0,"uagb_excerpt":"Begin your journey of clarity, insight, and transformation. Here you&#8217;ll find tools and platforms designed to help you uncover your potential, align your purpose, and take meaningful action. SPARK Survey Platform A secure, high-capacity survey system hosted on our own server \u2014 offered free of charge to approved researchers, educators, and institutions. Unlike commercial tools\u2026","_links":{"self":[{"href":"https:\/\/alanali.com\/fr\/wp-json\/wp\/v2\/pages\/2683","targetHints":{"allow":["GET"]}}],"collection":[{"href":"https:\/\/alanali.com\/fr\/wp-json\/wp\/v2\/pages"}],"about":[{"href":"https:\/\/alanali.com\/fr\/wp-json\/wp\/v2\/types\/page"}],"author":[{"embeddable":true,"href":"https:\/\/alanali.com\/fr\/wp-json\/wp\/v2\/users\/1"}],"replies":[{"embeddable":true,"href":"https:\/\/alanali.com\/fr\/wp-json\/wp\/v2\/comments?post=2683"}],"version-history":[{"count":3,"href":"https:\/\/alanali.com\/fr\/wp-json\/wp\/v2\/pages\/2683\/revisions"}],"predecessor-version":[{"id":2690,"href":"https:\/\/alanali.com\/fr\/wp-json\/wp\/v2\/pages\/2683\/revisions\/2690"}],"wp:attachment":[{"href":"https:\/\/alanali.com\/fr\/wp-json\/wp\/v2\/media?parent=2683"}],"curies":[{"name":"wp","href":"https:\/\/api.w.org\/{rel}","templated":true}]}}