{"id":3,"date":"2025-05-11T06:22:00","date_gmt":"2025-05-11T06:22:00","guid":{"rendered":"http:\/\/alanali.com\/?page_id=3"},"modified":"2025-05-17T16:39:07","modified_gmt":"2025-05-17T16:39:07","slug":"politique-de-confidentialite","status":"publish","type":"page","link":"https:\/\/alanali.com\/fr\/privacy-policy\/","title":{"rendered":"Politique de confidentialit\u00e9"},"content":{"rendered":"<h2 class=\"wp-block-heading\">Politique de confidentialit\u00e9<\/h2>\n\n\n\n<p><strong>Date d'entr\u00e9e en vigueur :<\/strong>&nbsp;17 mai 2025<br><strong>Site web :<\/strong>&nbsp;<a class=\"\" href=\"https:\/\/alanali.com\/fr\/\">https:\/\/alanali.com<\/a><br><strong>Propri\u00e9taire :<\/strong>&nbsp;Dr. Alan Ali<\/p>\n\n\n\n<p>Chez alanali.com, nous respectons votre vie priv\u00e9e et nous nous engageons \u00e0 prot\u00e9ger vos donn\u00e9es personnelles. Cette politique explique quelles informations nous collectons, comment nous les utilisons et quels sont vos droits en vertu de la loi sur la protection des donn\u00e9es.&nbsp;<strong>R\u00e8glement g\u00e9n\u00e9ral sur la protection des donn\u00e9es (RGPD)<\/strong>&nbsp;et d'autres lois pertinentes.<\/p>\n\n\n\n<hr class=\"wp-block-separator has-alpha-channel-opacity\"\/>\n\n\n\n<h3 class=\"wp-block-heading\">1. Qui sommes-nous ?<\/h3>\n\n\n\n<p>Ce site web est g\u00e9r\u00e9 par le Dr Alan Ali \u00e0 des fins \u00e9ducatives, professionnelles et d'image de marque. Pour toute question, veuillez nous contacter \u00e0 l'adresse suivante&nbsp;<strong><a>info@alanali.com<\/a><\/strong><\/p>\n\n\n\n<hr class=\"wp-block-separator has-alpha-channel-opacity\"\/>\n\n\n\n<h3 class=\"wp-block-heading\">2. Quelles sont les donn\u00e9es \u00e0 caract\u00e8re personnel que nous collectons et pourquoi ?<\/h3>\n\n\n\n<p>Nous pouvons collecter les donn\u00e9es suivantes :<\/p>\n\n\n\n<h4 class=\"wp-block-heading\">a. Formulaires de contact et messages<\/h4>\n\n\n\n<p>Si vous utilisez notre formulaire de contact, nous recueillons votre nom, votre adresse \u00e9lectronique et le contenu de votre message pour r\u00e9pondre \u00e0 votre demande. Ces informations ne sont pas partag\u00e9es et ne sont utilis\u00e9es qu'\u00e0 des fins de communication directe.<\/p>\n\n\n\n<h4 class=\"wp-block-heading\">b. Commentaires<\/h4>\n\n\n\n<p>Lorsque les visiteurs laissent des commentaires sur le site (si la fonction est activ\u00e9e), nous recueillons les donn\u00e9es figurant dans le formulaire de commentaire, votre adresse IP et la cha\u00eene de l'agent utilisateur du navigateur pour nous aider \u00e0 d\u00e9tecter les spams.<\/p>\n\n\n\n<h4 class=\"wp-block-heading\">c. Cookies<\/h4>\n\n\n\n<ul class=\"wp-block-list\">\n<li>Lorsque vous visitez notre site web, nous pouvons utiliser des cookies pour am\u00e9liorer votre exp\u00e9rience et pour effectuer des analyses de base.<\/li>\n\n\n\n<li>Si vous laissez un commentaire, vous pouvez choisir d'enregistrer votre nom et votre adresse \u00e9lectronique dans des cookies pour plus de commodit\u00e9.<\/li>\n\n\n\n<li>Les cookies de connexion et d'\u00e9dition (le cas \u00e9ch\u00e9ant) expirent entre 1 jour et 2 semaines en fonction des param\u00e8tres.<\/li>\n<\/ul>\n\n\n\n<p>Vous pouvez \u00e0 tout moment contr\u00f4ler ou supprimer les cookies dans les param\u00e8tres de votre navigateur.<\/p>\n\n\n\n<h4 class=\"wp-block-heading\">d. Analyse<\/h4>\n\n\n\n<p>Nous pouvons utiliser des outils d'analyse respectueux de la vie priv\u00e9e pour comprendre les sch\u00e9mas de trafic. Aucune donn\u00e9e d'identification personnelle n'est collect\u00e9e \u00e0 cette fin.<\/p>\n\n\n\n<h4 class=\"wp-block-heading\">e. Contenu int\u00e9gr\u00e9<\/h4>\n\n\n\n<p>Certains articles ou pages peuvent contenir du contenu int\u00e9gr\u00e9 (par exemple, des vid\u00e9os YouTube, des cartes Google). Ces sites tiers peuvent collecter des donn\u00e9es, utiliser des cookies et suivre votre interaction si vous \u00eates connect\u00e9 \u00e0 leur plateforme.<\/p>\n\n\n\n<hr class=\"wp-block-separator has-alpha-channel-opacity\"\/>\n\n\n\n<h3 class=\"wp-block-heading\">3. Comment nous utilisons vos donn\u00e9es<\/h3>\n\n\n\n<p>Nous utilisons vos donn\u00e9es personnelles pour :<\/p>\n\n\n\n<ul class=\"wp-block-list\">\n<li>R\u00e9pondre aux demandes de renseignements<\/li>\n\n\n\n<li>Am\u00e9liorer les performances du site web<\/li>\n\n\n\n<li>Pr\u00e9venir le spam et les abus<\/li>\n\n\n\n<li>Analyser les tendances des visiteurs (de mani\u00e8re anonyme)<\/li>\n<\/ul>\n\n\n\n<p>Nous&nbsp;<strong>ne pas vendre<\/strong>&nbsp;Nous n'utilisons pas non plus ces donn\u00e9es \u00e0 des fins de profilage automatis\u00e9 ou de marketing non sollicit\u00e9.<\/p>\n\n\n\n<hr class=\"wp-block-separator has-alpha-channel-opacity\"\/>\n\n\n\n<h3 class=\"wp-block-heading\">4. Dur\u00e9e de conservation des donn\u00e9es<\/h3>\n\n\n\n<ul class=\"wp-block-list\">\n<li>Messages envoy\u00e9s via le formulaire de contact : Conserv\u00e9s jusqu'\u00e0 12 mois \u00e0 des fins de suivi, puis supprim\u00e9s.<\/li>\n\n\n\n<li>Commentaires : Conserv\u00e9s ind\u00e9finiment \u00e0 moins d'\u00eatre supprim\u00e9s par vous ou un administrateur.<\/li>\n\n\n\n<li>Les sauvegardes du site (qui peuvent inclure des donn\u00e9es personnelles) : Stock\u00e9es en toute s\u00e9curit\u00e9 et renouvel\u00e9es r\u00e9guli\u00e8rement.<\/li>\n<\/ul>\n\n\n\n<hr class=\"wp-block-separator has-alpha-channel-opacity\"\/>\n\n\n\n<h3 class=\"wp-block-heading\">5. Vos droits en vertu du GDPR<\/h3>\n\n\n\n<p>Vous avez le droit de :<\/p>\n\n\n\n<ul class=\"wp-block-list\">\n<li><strong>Acc\u00e8s<\/strong>\u00a0les donn\u00e9es que nous d\u00e9tenons \u00e0 votre sujet<\/li>\n\n\n\n<li><strong>Correct<\/strong>\u00a0ou mettre \u00e0 jour vos informations<\/li>\n\n\n\n<li><strong>Demande de suppression<\/strong>\u00a0de vos donn\u00e9es personnelles<\/li>\n\n\n\n<li><strong>Objet<\/strong>\u00a0au traitement des donn\u00e9es ou retirer son consentement<\/li>\n\n\n\n<li><strong>D\u00e9poser une plainte<\/strong>\u00a0aupr\u00e8s de votre autorit\u00e9 nationale de protection des donn\u00e9es<\/li>\n<\/ul>\n\n\n\n<p>Pour exercer vos droits, contactez&nbsp;<strong><a>info@alanali.com<\/a><\/strong><\/p>\n\n\n\n<hr class=\"wp-block-separator has-alpha-channel-opacity\"\/>\n\n\n\n<h3 class=\"wp-block-heading\">6. Partage et stockage des donn\u00e9es<\/h3>\n\n\n\n<p>Nous ne partageons pas vos donn\u00e9es personnelles avec des tiers, sauf :<\/p>\n\n\n\n<ul class=\"wp-block-list\">\n<li>avec les fournisseurs de services qui soutiennent notre site (par exemple, h\u00e9bergement, analyse) dans le respect d'une stricte confidentialit\u00e9<\/li>\n\n\n\n<li>lorsque la loi l'exige ou pour prot\u00e9ger nos droits l\u00e9gaux<\/li>\n<\/ul>\n\n\n\n<p>Nos serveurs sont h\u00e9berg\u00e9s dans l'UE et g\u00e9r\u00e9s avec des mesures de s\u00e9curit\u00e9 appropri\u00e9es.<\/p>\n\n\n\n<hr class=\"wp-block-separator has-alpha-channel-opacity\"\/>\n\n\n\n<h3 class=\"wp-block-heading\">7. Vie priv\u00e9e des enfants<\/h3>\n\n\n\n<p>Ce site web n'est pas destin\u00e9 aux enfants de moins de 13 ans et nous ne collectons pas sciemment de donn\u00e9es personnelles aupr\u00e8s de mineurs.<\/p>\n\n\n\n<hr class=\"wp-block-separator has-alpha-channel-opacity\"\/>\n\n\n\n<h3 class=\"wp-block-heading\">8. S\u00e9curit\u00e9<\/h3>\n\n\n\n<p>Nous prenons des mesures appropri\u00e9es pour prot\u00e9ger vos donn\u00e9es contre l'acc\u00e8s non autoris\u00e9, l'alt\u00e9ration ou la destruction en utilisant un h\u00e9bergement s\u00e9curis\u00e9, un cryptage HTTPS et un contr\u00f4le r\u00e9gulier.<\/p>\n\n\n\n<hr class=\"wp-block-separator has-alpha-channel-opacity\"\/>\n\n\n\n<h3 class=\"wp-block-heading\">9. Modifications de la pr\u00e9sente politique<\/h3>\n\n\n\n<p>Nous pouvons mettre \u00e0 jour cette politique de temps \u00e0 autre. La derni\u00e8re version sera toujours affich\u00e9e ici avec la date d'entr\u00e9e en vigueur mentionn\u00e9e ci-dessus.<\/p>\n\n\n\n<hr class=\"wp-block-separator has-alpha-channel-opacity\"\/>\n\n\n\n<p>Si vous avez des questions sur la pr\u00e9sente politique de confidentialit\u00e9 ou sur la mani\u00e8re dont nous traitons vos donn\u00e9es, n'h\u00e9sitez pas \u00e0 nous contacter \u00e0 l'adresse suivante :<br>\ud83d\udce7&nbsp;<strong><a>info@alanali.com<\/a><\/strong><\/p>\n\n\n\n<hr class=\"wp-block-separator has-alpha-channel-opacity\"\/>","protected":false},"excerpt":{"rendered":"<p>Privacy Policy Effective Date:&nbsp;17 May 2025Website:&nbsp;https:\/\/alanali.comOwner:&nbsp;Dr. Alan Ali At alanali.com, we respect your privacy and are committed to protecting your personal data. This policy explains what information we collect, how we use it, and your rights under the&nbsp;General Data Protection Regulation (GDPR)&nbsp;and other relevant laws. 1. Who We Are This website is operated by Dr. [&hellip;]<\/p>\n","protected":false},"author":1,"featured_media":0,"parent":0,"menu_order":0,"comment_status":"closed","ping_status":"open","template":"","meta":{"_uag_custom_page_level_css":"","site-sidebar-layout":"default","site-content-layout":"","ast-site-content-layout":"default","site-content-style":"default","site-sidebar-style":"default","ast-global-header-display":"","ast-banner-title-visibility":"","ast-main-header-display":"","ast-hfb-above-header-display":"","ast-hfb-below-header-display":"","ast-hfb-mobile-header-display":"","site-post-title":"","ast-breadcrumbs-content":"","ast-featured-img":"","footer-sml-layout":"","theme-transparent-header-meta":"","adv-header-id-meta":"","stick-header-meta":"","header-above-stick-meta":"","header-main-stick-meta":"","header-below-stick-meta":"","astra-migrate-meta-layouts":"set","ast-page-background-enabled":"default","ast-page-background-meta":{"desktop":{"background-color":"","background-image":"","background-repeat":"repeat","background-position":"center center","background-size":"auto","background-attachment":"scroll","background-type":"","background-media":"","overlay-type":"","overlay-color":"","overlay-opacity":"","overlay-gradient":""},"tablet":{"background-color":"","background-image":"","background-repeat":"repeat","background-position":"center center","background-size":"auto","background-attachment":"scroll","background-type":"","background-media":"","overlay-type":"","overlay-color":"","overlay-opacity":"","overlay-gradient":""},"mobile":{"background-color":"","background-image":"","background-repeat":"repeat","background-position":"center center","background-size":"auto","background-attachment":"scroll","background-type":"","background-media":"","overlay-type":"","overlay-color":"","overlay-opacity":"","overlay-gradient":""}},"ast-content-background-meta":{"desktop":{"background-color":"var(--ast-global-color-5)","background-image":"","background-repeat":"repeat","background-position":"center center","background-size":"auto","background-attachment":"scroll","background-type":"","background-media":"","overlay-type":"","overlay-color":"","overlay-opacity":"","overlay-gradient":""},"tablet":{"background-color":"var(--ast-global-color-5)","background-image":"","background-repeat":"repeat","background-position":"center center","background-size":"auto","background-attachment":"scroll","background-type":"","background-media":"","overlay-type":"","overlay-color":"","overlay-opacity":"","overlay-gradient":""},"mobile":{"background-color":"var(--ast-global-color-5)","background-image":"","background-repeat":"repeat","background-position":"center center","background-size":"auto","background-attachment":"scroll","background-type":"","background-media":"","overlay-type":"","overlay-color":"","overlay-opacity":"","overlay-gradient":""}},"footnotes":""},"class_list":["post-3","page","type-page","status-publish","hentry"],"uagb_featured_image_src":{"full":false,"thumbnail":false,"medium":false,"medium_large":false,"large":false,"1536x1536":false,"2048x2048":false,"trp-custom-language-flag":false},"uagb_author_info":{"display_name":"alanali","author_link":"https:\/\/alanali.com\/fr\/author\/alanali\/"},"uagb_comment_info":0,"uagb_excerpt":"Privacy Policy Effective Date:&nbsp;17 May 2025Website:&nbsp;https:\/\/alanali.comOwner:&nbsp;Dr. Alan Ali At alanali.com, we respect your privacy and are committed to protecting your personal data. This policy explains what information we collect, how we use it, and your rights under the&nbsp;General Data Protection Regulation (GDPR)&nbsp;and other relevant laws. 1. Who We Are This website is operated by Dr.\u2026","_links":{"self":[{"href":"https:\/\/alanali.com\/fr\/wp-json\/wp\/v2\/pages\/3","targetHints":{"allow":["GET"]}}],"collection":[{"href":"https:\/\/alanali.com\/fr\/wp-json\/wp\/v2\/pages"}],"about":[{"href":"https:\/\/alanali.com\/fr\/wp-json\/wp\/v2\/types\/page"}],"author":[{"embeddable":true,"href":"https:\/\/alanali.com\/fr\/wp-json\/wp\/v2\/users\/1"}],"replies":[{"embeddable":true,"href":"https:\/\/alanali.com\/fr\/wp-json\/wp\/v2\/comments?post=3"}],"version-history":[{"count":1,"href":"https:\/\/alanali.com\/fr\/wp-json\/wp\/v2\/pages\/3\/revisions"}],"predecessor-version":[{"id":2617,"href":"https:\/\/alanali.com\/fr\/wp-json\/wp\/v2\/pages\/3\/revisions\/2617"}],"wp:attachment":[{"href":"https:\/\/alanali.com\/fr\/wp-json\/wp\/v2\/media?parent=3"}],"curies":[{"name":"wp","href":"https:\/\/api.w.org\/{rel}","templated":true}]}}